{"id":2379,"date":"2021-12-09T14:45:17","date_gmt":"2021-12-09T14:45:17","guid":{"rendered":"https:\/\/tecnoairesistemas.com\/repuestos-de-gas-cocina-refrigeracion-costa-rica\/?post_type=product&#038;p=2379"},"modified":"2021-12-09T14:49:25","modified_gmt":"2021-12-09T14:49:25","slug":"repuestos-vulcan-socker-porcelana-p-horno-costa-rica","status":"publish","type":"product","link":"https:\/\/tecnoairesistemas.com\/repuestos-de-gas-cocina-refrigeracion-costa-rica\/catalogo\/repuestos-vulcan-socker-porcelana-p-horno-costa-rica\/","title":{"rendered":"Socker Porcelana P\/ Horno"},"content":{"rendered":"<h5><b>C\u00f3digo Tecno Aire Sistemas:<\/b>\u00a0049-033<\/h5>\n<h5><\/h5>\n<h5><b>C\u00f3digo Fabricante OEM:<\/b>\u00a000-718190<\/h5>\n<h5><\/h5>\n<h5><b>Disponibilidad:\u00a0<\/b><u>A Confirmar Stock<\/u><\/h5>\n","protected":false},"excerpt":{"rendered":"<div class=\"occasional\">\n<div class=\"occasional\">\n<div class=\"occasional\">\n<h5><b>C\u00f3digo Tecno Aire Sistemas:<\/b>\u00a0049-033<\/h5>\n<h5><\/h5>\n<h5><b>C\u00f3digo Fabricante OEM:<\/b>\u00a000-718190<\/h5>\n<h5><\/h5>\n<h5><b>Disponibilidad:\u00a0<\/b><u>A Confirmar Stock<\/u><\/h5>\n<\/div>\n<\/div>\n<\/div>\n","protected":false},"featured_media":2380,"comment_status":"open","ping_status":"closed","template":"","meta":{"om_disable_all_campaigns":false,"_mi_skip_tracking":false,"_monsterinsights_sitenote_active":false,"_monsterinsights_sitenote_note":"","_monsterinsights_sitenote_category":0,"site-sidebar-layout":"default","site-content-layout":"default","ast-global-header-display":"","ast-banner-title-visibility":"","ast-main-header-display":"","ast-hfb-above-header-display":"","ast-hfb-below-header-display":"","ast-hfb-mobile-header-display":"","site-post-title":"","ast-breadcrumbs-content":"","ast-featured-img":"","footer-sml-layout":"","theme-transparent-header-meta":"default","adv-header-id-meta":"","stick-header-meta":"","header-above-stick-meta":"","header-main-stick-meta":"","header-below-stick-meta":"","_joinchat":[]},"product_cat":[58],"product_tag":[],"class_list":{"0":"post-2379","1":"product","2":"type-product","3":"status-publish","4":"has-post-thumbnail","6":"product_cat-repuestos-vulcan-costa-rica","7":"desktop-align-left","8":"tablet-align-left","9":"mobile-align-left","11":"first","12":"instock","13":"sold-individually","14":"shipping-taxable","15":"product-type-simple"},"yoast_head":"<!-- This site is optimized with the Yoast SEO plugin v24.1 - https:\/\/yoast.com\/wordpress\/plugins\/seo\/ -->\n<title>Socker Porcelana P\/ Horno - Repuestos de Gas - Cocina - Refrigeraci\u00f3n - Lavander\u00eda Costa Rica<\/title>\n<meta name=\"robots\" content=\"index, follow, max-snippet:-1, max-image-preview:large, max-video-preview:-1\" \/>\n<link rel=\"canonical\" href=\"https:\/\/tecnoairesistemas.com\/repuestos-de-gas-cocina-refrigeracion-costa-rica\/catalogo\/repuestos-vulcan-socker-porcelana-p-horno-costa-rica\/\" \/>\n<meta property=\"og:locale\" content=\"es_ES\" \/>\n<meta property=\"og:type\" content=\"article\" \/>\n<meta property=\"og:title\" content=\"Socker Porcelana P\/ Horno - Repuestos de Gas - Cocina - Refrigeraci\u00f3n - Lavander\u00eda Costa Rica\" \/>\n<meta property=\"og:description\" content=\"C\u00f3digo Tecno Aire Sistemas:\u00a0049-033  C\u00f3digo Fabricante OEM:\u00a000-718190  Disponibilidad:\u00a0A Confirmar Stock\" \/>\n<meta property=\"og:url\" content=\"https:\/\/tecnoairesistemas.com\/repuestos-de-gas-cocina-refrigeracion-costa-rica\/catalogo\/repuestos-vulcan-socker-porcelana-p-horno-costa-rica\/\" \/>\n<meta property=\"og:site_name\" content=\"Repuestos de Gas - Cocina - Refrigeraci\u00f3n - Lavander\u00eda Costa Rica\" \/>\n<meta property=\"article:modified_time\" content=\"2021-12-09T14:49:25+00:00\" \/>\n<meta property=\"og:image\" content=\"https:\/\/tecnoairesistemas.com\/repuestos-de-gas-cocina-refrigeracion-costa-rica\/wp-content\/uploads\/2021\/12\/049-033.jpg\" \/>\n\t<meta property=\"og:image:width\" content=\"500\" \/>\n\t<meta property=\"og:image:height\" content=\"500\" \/>\n\t<meta property=\"og:image:type\" content=\"image\/jpeg\" \/>\n<meta name=\"twitter:card\" content=\"summary_large_image\" \/>\n<meta name=\"twitter:label1\" content=\"Tiempo de lectura\" \/>\n\t<meta name=\"twitter:data1\" content=\"1 minuto\" \/>\n<script type=\"application\/ld+json\" class=\"yoast-schema-graph\">{\"@context\":\"https:\/\/schema.org\",\"@graph\":[{\"@type\":\"WebPage\",\"@id\":\"https:\/\/tecnoairesistemas.com\/repuestos-de-gas-cocina-refrigeracion-costa-rica\/catalogo\/repuestos-vulcan-socker-porcelana-p-horno-costa-rica\/\",\"url\":\"https:\/\/tecnoairesistemas.com\/repuestos-de-gas-cocina-refrigeracion-costa-rica\/catalogo\/repuestos-vulcan-socker-porcelana-p-horno-costa-rica\/\",\"name\":\"Socker Porcelana P\/ Horno - Repuestos de Gas - Cocina - Refrigeraci\u00f3n - Lavander\u00eda Costa Rica\",\"isPartOf\":{\"@id\":\"https:\/\/tecnoairesistemas.com\/repuestos-de-gas-cocina-refrigeracion-costa-rica\/#website\"},\"primaryImageOfPage\":{\"@id\":\"https:\/\/tecnoairesistemas.com\/repuestos-de-gas-cocina-refrigeracion-costa-rica\/catalogo\/repuestos-vulcan-socker-porcelana-p-horno-costa-rica\/#primaryimage\"},\"image\":{\"@id\":\"https:\/\/tecnoairesistemas.com\/repuestos-de-gas-cocina-refrigeracion-costa-rica\/catalogo\/repuestos-vulcan-socker-porcelana-p-horno-costa-rica\/#primaryimage\"},\"thumbnailUrl\":\"https:\/\/tecnoairesistemas.com\/repuestos-de-gas-cocina-refrigeracion-costa-rica\/wp-content\/uploads\/2021\/12\/049-033.jpg\",\"datePublished\":\"2021-12-09T14:45:17+00:00\",\"dateModified\":\"2021-12-09T14:49:25+00:00\",\"breadcrumb\":{\"@id\":\"https:\/\/tecnoairesistemas.com\/repuestos-de-gas-cocina-refrigeracion-costa-rica\/catalogo\/repuestos-vulcan-socker-porcelana-p-horno-costa-rica\/#breadcrumb\"},\"inLanguage\":\"es\",\"potentialAction\":[{\"@type\":\"ReadAction\",\"target\":[\"https:\/\/tecnoairesistemas.com\/repuestos-de-gas-cocina-refrigeracion-costa-rica\/catalogo\/repuestos-vulcan-socker-porcelana-p-horno-costa-rica\/\"]}]},{\"@type\":\"ImageObject\",\"inLanguage\":\"es\",\"@id\":\"https:\/\/tecnoairesistemas.com\/repuestos-de-gas-cocina-refrigeracion-costa-rica\/catalogo\/repuestos-vulcan-socker-porcelana-p-horno-costa-rica\/#primaryimage\",\"url\":\"https:\/\/tecnoairesistemas.com\/repuestos-de-gas-cocina-refrigeracion-costa-rica\/wp-content\/uploads\/2021\/12\/049-033.jpg\",\"contentUrl\":\"https:\/\/tecnoairesistemas.com\/repuestos-de-gas-cocina-refrigeracion-costa-rica\/wp-content\/uploads\/2021\/12\/049-033.jpg\",\"width\":500,\"height\":500},{\"@type\":\"BreadcrumbList\",\"@id\":\"https:\/\/tecnoairesistemas.com\/repuestos-de-gas-cocina-refrigeracion-costa-rica\/catalogo\/repuestos-vulcan-socker-porcelana-p-horno-costa-rica\/#breadcrumb\",\"itemListElement\":[{\"@type\":\"ListItem\",\"position\":1,\"name\":\"Portada\",\"item\":\"https:\/\/tecnoairesistemas.com\/repuestos-de-gas-cocina-refrigeracion-costa-rica\/\"},{\"@type\":\"ListItem\",\"position\":2,\"name\":\"Cat\u00e1logo de Equipos y Repuestos\",\"item\":\"https:\/\/tecnoairesistemas.com\/repuestos-de-gas-cocina-refrigeracion-costa-rica\/catalogo-de-equipos-y-repuestos\/\"},{\"@type\":\"ListItem\",\"position\":3,\"name\":\"Socker Porcelana P\/ Horno\"}]},{\"@type\":\"WebSite\",\"@id\":\"https:\/\/tecnoairesistemas.com\/repuestos-de-gas-cocina-refrigeracion-costa-rica\/#website\",\"url\":\"https:\/\/tecnoairesistemas.com\/repuestos-de-gas-cocina-refrigeracion-costa-rica\/\",\"name\":\"Repuestos de Gas - Cocina - Refrigeraci\u00f3n - Lavander\u00eda Costa Rica\",\"description\":\"Repuestos de Gas - Cocina - Refrigeraci\u00f3n - Lavander\u00eda Costa Rica\",\"publisher\":{\"@id\":\"https:\/\/tecnoairesistemas.com\/repuestos-de-gas-cocina-refrigeracion-costa-rica\/#organization\"},\"potentialAction\":[{\"@type\":\"SearchAction\",\"target\":{\"@type\":\"EntryPoint\",\"urlTemplate\":\"https:\/\/tecnoairesistemas.com\/repuestos-de-gas-cocina-refrigeracion-costa-rica\/?s={search_term_string}\"},\"query-input\":{\"@type\":\"PropertyValueSpecification\",\"valueRequired\":true,\"valueName\":\"search_term_string\"}}],\"inLanguage\":\"es\"},{\"@type\":\"Organization\",\"@id\":\"https:\/\/tecnoairesistemas.com\/repuestos-de-gas-cocina-refrigeracion-costa-rica\/#organization\",\"name\":\"Repuestos de Gas - Cocina - Refrigeraci\u00f3n - Lavander\u00eda Costa Rica\",\"url\":\"https:\/\/tecnoairesistemas.com\/repuestos-de-gas-cocina-refrigeracion-costa-rica\/\",\"logo\":{\"@type\":\"ImageObject\",\"inLanguage\":\"es\",\"@id\":\"https:\/\/tecnoairesistemas.com\/repuestos-de-gas-cocina-refrigeracion-costa-rica\/#\/schema\/logo\/image\/\",\"url\":\"https:\/\/tecnoairesistemas.com\/repuestos-de-gas-cocina-refrigeracion-costa-rica\/wp-content\/uploads\/2021\/11\/logo-sin-fondo.png\",\"contentUrl\":\"https:\/\/tecnoairesistemas.com\/repuestos-de-gas-cocina-refrigeracion-costa-rica\/wp-content\/uploads\/2021\/11\/logo-sin-fondo.png\",\"width\":960,\"height\":960,\"caption\":\"Repuestos de Gas - Cocina - Refrigeraci\u00f3n - Lavander\u00eda Costa Rica\"},\"image\":{\"@id\":\"https:\/\/tecnoairesistemas.com\/repuestos-de-gas-cocina-refrigeracion-costa-rica\/#\/schema\/logo\/image\/\"}}]}<\/script>\n<!-- \/ Yoast SEO plugin. -->","yoast_head_json":{"title":"Socker Porcelana P\/ Horno - Repuestos de Gas - Cocina - Refrigeraci\u00f3n - Lavander\u00eda Costa Rica","robots":{"index":"index","follow":"follow","max-snippet":"max-snippet:-1","max-image-preview":"max-image-preview:large","max-video-preview":"max-video-preview:-1"},"canonical":"https:\/\/tecnoairesistemas.com\/repuestos-de-gas-cocina-refrigeracion-costa-rica\/catalogo\/repuestos-vulcan-socker-porcelana-p-horno-costa-rica\/","og_locale":"es_ES","og_type":"article","og_title":"Socker Porcelana P\/ Horno - Repuestos de Gas - Cocina - Refrigeraci\u00f3n - Lavander\u00eda Costa Rica","og_description":"C\u00f3digo Tecno Aire Sistemas:\u00a0049-033  C\u00f3digo Fabricante OEM:\u00a000-718190  Disponibilidad:\u00a0A Confirmar Stock","og_url":"https:\/\/tecnoairesistemas.com\/repuestos-de-gas-cocina-refrigeracion-costa-rica\/catalogo\/repuestos-vulcan-socker-porcelana-p-horno-costa-rica\/","og_site_name":"Repuestos de Gas - Cocina - Refrigeraci\u00f3n - Lavander\u00eda Costa Rica","article_modified_time":"2021-12-09T14:49:25+00:00","og_image":[{"width":500,"height":500,"url":"https:\/\/tecnoairesistemas.com\/repuestos-de-gas-cocina-refrigeracion-costa-rica\/wp-content\/uploads\/2021\/12\/049-033.jpg","type":"image\/jpeg"}],"twitter_card":"summary_large_image","twitter_misc":{"Tiempo de lectura":"1 minuto"},"schema":{"@context":"https:\/\/schema.org","@graph":[{"@type":"WebPage","@id":"https:\/\/tecnoairesistemas.com\/repuestos-de-gas-cocina-refrigeracion-costa-rica\/catalogo\/repuestos-vulcan-socker-porcelana-p-horno-costa-rica\/","url":"https:\/\/tecnoairesistemas.com\/repuestos-de-gas-cocina-refrigeracion-costa-rica\/catalogo\/repuestos-vulcan-socker-porcelana-p-horno-costa-rica\/","name":"Socker Porcelana P\/ Horno - Repuestos de Gas - Cocina - Refrigeraci\u00f3n - Lavander\u00eda Costa Rica","isPartOf":{"@id":"https:\/\/tecnoairesistemas.com\/repuestos-de-gas-cocina-refrigeracion-costa-rica\/#website"},"primaryImageOfPage":{"@id":"https:\/\/tecnoairesistemas.com\/repuestos-de-gas-cocina-refrigeracion-costa-rica\/catalogo\/repuestos-vulcan-socker-porcelana-p-horno-costa-rica\/#primaryimage"},"image":{"@id":"https:\/\/tecnoairesistemas.com\/repuestos-de-gas-cocina-refrigeracion-costa-rica\/catalogo\/repuestos-vulcan-socker-porcelana-p-horno-costa-rica\/#primaryimage"},"thumbnailUrl":"https:\/\/tecnoairesistemas.com\/repuestos-de-gas-cocina-refrigeracion-costa-rica\/wp-content\/uploads\/2021\/12\/049-033.jpg","datePublished":"2021-12-09T14:45:17+00:00","dateModified":"2021-12-09T14:49:25+00:00","breadcrumb":{"@id":"https:\/\/tecnoairesistemas.com\/repuestos-de-gas-cocina-refrigeracion-costa-rica\/catalogo\/repuestos-vulcan-socker-porcelana-p-horno-costa-rica\/#breadcrumb"},"inLanguage":"es","potentialAction":[{"@type":"ReadAction","target":["https:\/\/tecnoairesistemas.com\/repuestos-de-gas-cocina-refrigeracion-costa-rica\/catalogo\/repuestos-vulcan-socker-porcelana-p-horno-costa-rica\/"]}]},{"@type":"ImageObject","inLanguage":"es","@id":"https:\/\/tecnoairesistemas.com\/repuestos-de-gas-cocina-refrigeracion-costa-rica\/catalogo\/repuestos-vulcan-socker-porcelana-p-horno-costa-rica\/#primaryimage","url":"https:\/\/tecnoairesistemas.com\/repuestos-de-gas-cocina-refrigeracion-costa-rica\/wp-content\/uploads\/2021\/12\/049-033.jpg","contentUrl":"https:\/\/tecnoairesistemas.com\/repuestos-de-gas-cocina-refrigeracion-costa-rica\/wp-content\/uploads\/2021\/12\/049-033.jpg","width":500,"height":500},{"@type":"BreadcrumbList","@id":"https:\/\/tecnoairesistemas.com\/repuestos-de-gas-cocina-refrigeracion-costa-rica\/catalogo\/repuestos-vulcan-socker-porcelana-p-horno-costa-rica\/#breadcrumb","itemListElement":[{"@type":"ListItem","position":1,"name":"Portada","item":"https:\/\/tecnoairesistemas.com\/repuestos-de-gas-cocina-refrigeracion-costa-rica\/"},{"@type":"ListItem","position":2,"name":"Cat\u00e1logo de Equipos y Repuestos","item":"https:\/\/tecnoairesistemas.com\/repuestos-de-gas-cocina-refrigeracion-costa-rica\/catalogo-de-equipos-y-repuestos\/"},{"@type":"ListItem","position":3,"name":"Socker Porcelana P\/ Horno"}]},{"@type":"WebSite","@id":"https:\/\/tecnoairesistemas.com\/repuestos-de-gas-cocina-refrigeracion-costa-rica\/#website","url":"https:\/\/tecnoairesistemas.com\/repuestos-de-gas-cocina-refrigeracion-costa-rica\/","name":"Repuestos de Gas - Cocina - Refrigeraci\u00f3n - Lavander\u00eda Costa Rica","description":"Repuestos de Gas - Cocina - Refrigeraci\u00f3n - Lavander\u00eda Costa Rica","publisher":{"@id":"https:\/\/tecnoairesistemas.com\/repuestos-de-gas-cocina-refrigeracion-costa-rica\/#organization"},"potentialAction":[{"@type":"SearchAction","target":{"@type":"EntryPoint","urlTemplate":"https:\/\/tecnoairesistemas.com\/repuestos-de-gas-cocina-refrigeracion-costa-rica\/?s={search_term_string}"},"query-input":{"@type":"PropertyValueSpecification","valueRequired":true,"valueName":"search_term_string"}}],"inLanguage":"es"},{"@type":"Organization","@id":"https:\/\/tecnoairesistemas.com\/repuestos-de-gas-cocina-refrigeracion-costa-rica\/#organization","name":"Repuestos de Gas - Cocina - Refrigeraci\u00f3n - Lavander\u00eda Costa Rica","url":"https:\/\/tecnoairesistemas.com\/repuestos-de-gas-cocina-refrigeracion-costa-rica\/","logo":{"@type":"ImageObject","inLanguage":"es","@id":"https:\/\/tecnoairesistemas.com\/repuestos-de-gas-cocina-refrigeracion-costa-rica\/#\/schema\/logo\/image\/","url":"https:\/\/tecnoairesistemas.com\/repuestos-de-gas-cocina-refrigeracion-costa-rica\/wp-content\/uploads\/2021\/11\/logo-sin-fondo.png","contentUrl":"https:\/\/tecnoairesistemas.com\/repuestos-de-gas-cocina-refrigeracion-costa-rica\/wp-content\/uploads\/2021\/11\/logo-sin-fondo.png","width":960,"height":960,"caption":"Repuestos de Gas - Cocina - Refrigeraci\u00f3n - Lavander\u00eda Costa Rica"},"image":{"@id":"https:\/\/tecnoairesistemas.com\/repuestos-de-gas-cocina-refrigeracion-costa-rica\/#\/schema\/logo\/image\/"}}]}},"jetpack_sharing_enabled":true,"_links":{"self":[{"href":"https:\/\/tecnoairesistemas.com\/repuestos-de-gas-cocina-refrigeracion-costa-rica\/wp-json\/wp\/v2\/product\/2379","targetHints":{"allow":["GET"]}}],"collection":[{"href":"https:\/\/tecnoairesistemas.com\/repuestos-de-gas-cocina-refrigeracion-costa-rica\/wp-json\/wp\/v2\/product"}],"about":[{"href":"https:\/\/tecnoairesistemas.com\/repuestos-de-gas-cocina-refrigeracion-costa-rica\/wp-json\/wp\/v2\/types\/product"}],"replies":[{"embeddable":true,"href":"https:\/\/tecnoairesistemas.com\/repuestos-de-gas-cocina-refrigeracion-costa-rica\/wp-json\/wp\/v2\/comments?post=2379"}],"wp:featuredmedia":[{"embeddable":true,"href":"https:\/\/tecnoairesistemas.com\/repuestos-de-gas-cocina-refrigeracion-costa-rica\/wp-json\/wp\/v2\/media\/2380"}],"wp:attachment":[{"href":"https:\/\/tecnoairesistemas.com\/repuestos-de-gas-cocina-refrigeracion-costa-rica\/wp-json\/wp\/v2\/media?parent=2379"}],"wp:term":[{"taxonomy":"product_cat","embeddable":true,"href":"https:\/\/tecnoairesistemas.com\/repuestos-de-gas-cocina-refrigeracion-costa-rica\/wp-json\/wp\/v2\/product_cat?post=2379"},{"taxonomy":"product_tag","embeddable":true,"href":"https:\/\/tecnoairesistemas.com\/repuestos-de-gas-cocina-refrigeracion-costa-rica\/wp-json\/wp\/v2\/product_tag?post=2379"}],"curies":[{"name":"wp","href":"https:\/\/api.w.org\/{rel}","templated":true}]}}