{"id":4667,"date":"2025-11-11T22:05:36","date_gmt":"2025-11-11T22:05:36","guid":{"rendered":"https:\/\/tecnoairesistemas.com\/repuestos-de-gas-cocina-refrigeracion-costa-rica\/?post_type=product&#038;p=4667"},"modified":"2025-11-11T22:44:27","modified_gmt":"2025-11-11T22:44:27","slug":"sensor-de-temperatura-scotsman-costa-rica","status":"publish","type":"product","link":"https:\/\/tecnoairesistemas.com\/repuestos-de-gas-cocina-refrigeracion-costa-rica\/catalogo\/sensor-de-temperatura-scotsman-costa-rica\/","title":{"rendered":"Sensor de Temperatura Scotsman"},"content":{"rendered":"<h3 data-start=\"158\" data-end=\"211\"><strong data-start=\"162\" data-end=\"211\">Sensor de Temperatura Scotsman OEM F620404-10<\/strong><\/h3>\n<p data-start=\"213\" data-end=\"515\">Mant\u00e9n tu m\u00e1quina de hielo Scotsman funcionando con precisi\u00f3n y eficiencia con este <strong data-start=\"297\" data-end=\"346\">sensor de temperatura original OEM F620404-10<\/strong>. Dise\u00f1ado para ofrecer un rendimiento confiable y lecturas exactas, este repuesto es esencial para garantizar la correcta producci\u00f3n y control de temperatura del hielo.<\/p>\n<p data-start=\"517\" data-end=\"549\"><strong data-start=\"517\" data-end=\"549\">Caracter\u00edsticas principales:<\/strong><\/p>\n<ul data-start=\"550\" data-end=\"855\">\n<li data-start=\"550\" data-end=\"588\">\n<p data-start=\"552\" data-end=\"588\">\ud83d\udd27 <strong data-start=\"555\" data-end=\"575\">N\u00famero de parte:<\/strong> F620404-10<\/p>\n<\/li>\n<li data-start=\"589\" data-end=\"641\">\n<p data-start=\"591\" data-end=\"641\">\u2705 <strong data-start=\"593\" data-end=\"602\">Tipo:<\/strong> Sensor de temperatura original (OEM)<\/p>\n<\/li>\n<li data-start=\"642\" data-end=\"695\">\n<p data-start=\"644\" data-end=\"695\">\ud83e\uddca <strong data-start=\"647\" data-end=\"666\">Compatibilidad:<\/strong> M\u00e1quinas de hielo Scotsman<\/p>\n<\/li>\n<li data-start=\"696\" data-end=\"767\">\n<p data-start=\"698\" data-end=\"767\">\u2699\ufe0f <strong data-start=\"701\" data-end=\"713\">Funci\u00f3n:<\/strong> Detecta y regula la temperatura interna del sistema<\/p>\n<\/li>\n<li data-start=\"768\" data-end=\"855\">\n<p data-start=\"770\" data-end=\"855\">\ud83d\udcaa <strong data-start=\"773\" data-end=\"797\">Calidad garantizada:<\/strong> Producto nuevo, de alta durabilidad y reemplazo directo<\/p>\n<\/li>\n<\/ul>\n<p data-start=\"857\" data-end=\"872\"><strong data-start=\"857\" data-end=\"872\">Beneficios:<\/strong><\/p>\n<ul data-start=\"873\" data-end=\"1017\">\n<li data-start=\"873\" data-end=\"917\">\n<p data-start=\"875\" data-end=\"917\">Asegura el rendimiento \u00f3ptimo del equipo<\/p>\n<\/li>\n<li data-start=\"918\" data-end=\"974\">\n<p data-start=\"920\" data-end=\"974\">Evita fallas por lecturas incorrectas de temperatura<\/p>\n<\/li>\n<li data-start=\"975\" data-end=\"1017\">\n<p data-start=\"977\" data-end=\"1017\">Instalaci\u00f3n sencilla y ajuste perfecto<\/p>\n<\/li>\n<\/ul>\n<p data-start=\"1019\" data-end=\"1160\"><strong data-start=\"1019\" data-end=\"1048\">Env\u00edos y soporte t\u00e9cnico:<\/strong><br data-start=\"1048\" data-end=\"1051\" \/>\ud83d\udce6 Entregas r\u00e1pidas a todo Costa Rica.<br data-start=\"1089\" data-end=\"1092\" \/>\ud83d\udee0\ufe0f Asesor\u00eda t\u00e9cnica disponible para instalaci\u00f3n y compatibilidad.<\/p>\n<div class=\"occasional\">\n<h5><b>C\u00f3digo Tecno Aire Sistemas:<\/b> 024-0410<\/h5>\n<p>&nbsp;<\/p>\n<\/div>\n<div class=\"occasional\">\n<h5><b>C\u00f3digo Fabricante OEM: F620404-10<\/b><\/h5>\n<h5 style=\"font-style: normal;\"><\/h5>\n<h5><b>Disponibilidad:\u00a0<\/b><u>A Confirmar Stock<\/u><\/h5>\n<\/div>\n","protected":false},"excerpt":{"rendered":"<div class=\"occasional\">\n<h5><b>C\u00f3digo Tecno Aire Sistemas:<\/b> 024-0410<\/h5>\n<p>&nbsp;<\/p>\n<\/div>\n<div class=\"occasional\">\n<h5><b>C\u00f3digo Fabricante OEM: F620404-10<\/b><\/h5>\n<h5 style=\"font-style: normal;\"><\/h5>\n<h5><b>Disponibilidad:\u00a0<\/b><u>A Confirmar Stock<\/u><\/h5>\n<\/div>\n","protected":false},"featured_media":4668,"comment_status":"open","ping_status":"closed","template":"","meta":{"om_disable_all_campaigns":false,"_mi_skip_tracking":false,"_monsterinsights_sitenote_active":false,"_monsterinsights_sitenote_note":"","_monsterinsights_sitenote_category":0,"site-sidebar-layout":"default","site-content-layout":"default","ast-global-header-display":"","ast-banner-title-visibility":"","ast-main-header-display":"","ast-hfb-above-header-display":"","ast-hfb-below-header-display":"","ast-hfb-mobile-header-display":"","site-post-title":"","ast-breadcrumbs-content":"","ast-featured-img":"","footer-sml-layout":"","theme-transparent-header-meta":"default","adv-header-id-meta":"","stick-header-meta":"","header-above-stick-meta":"","header-main-stick-meta":"","header-below-stick-meta":"","_joinchat":[]},"product_cat":[464,53],"product_tag":[489],"class_list":{"0":"post-4667","1":"product","2":"type-product","3":"status-publish","4":"has-post-thumbnail","6":"product_cat-repuestos-maquinas-de-hielo","7":"product_cat-repuestos-scotsman-costa-rica","8":"product_tag-scotsman","9":"desktop-align-left","10":"tablet-align-left","11":"mobile-align-left","13":"first","14":"instock","15":"shipping-taxable","16":"product-type-simple"},"yoast_head":"<!-- This site is optimized with the Yoast SEO plugin v24.1 - https:\/\/yoast.com\/wordpress\/plugins\/seo\/ -->\n<title>Sensor de Temperatura Scotsman - Repuestos de Gas - Cocina - Refrigeraci\u00f3n - Lavander\u00eda Costa Rica<\/title>\n<meta name=\"description\" content=\"Mant\u00e9n tu m\u00e1quina de hielo Scotsman funcionando con precisi\u00f3n y eficiencia con este sensor de temperatura original OEM F620404-10. Dise\u00f1ado para ofrecer un rendimiento confiable y lecturas exactas, este repuesto es esencial para garantizar la correcta producci\u00f3n y control de temperatura del hielo.\" \/>\n<meta name=\"robots\" content=\"index, follow, max-snippet:-1, max-image-preview:large, max-video-preview:-1\" \/>\n<link rel=\"canonical\" href=\"https:\/\/tecnoairesistemas.com\/repuestos-de-gas-cocina-refrigeracion-costa-rica\/catalogo\/sensor-de-temperatura-scotsman-costa-rica\/\" \/>\n<meta property=\"og:locale\" content=\"es_ES\" \/>\n<meta property=\"og:type\" content=\"article\" \/>\n<meta property=\"og:title\" content=\"Sensor de Temperatura Scotsman - Repuestos de Gas - Cocina - Refrigeraci\u00f3n - Lavander\u00eda Costa Rica\" \/>\n<meta property=\"og:description\" content=\"Mant\u00e9n tu m\u00e1quina de hielo Scotsman funcionando con precisi\u00f3n y eficiencia con este sensor de temperatura original OEM F620404-10. Dise\u00f1ado para ofrecer un rendimiento confiable y lecturas exactas, este repuesto es esencial para garantizar la correcta producci\u00f3n y control de temperatura del hielo.\" \/>\n<meta property=\"og:url\" content=\"https:\/\/tecnoairesistemas.com\/repuestos-de-gas-cocina-refrigeracion-costa-rica\/catalogo\/sensor-de-temperatura-scotsman-costa-rica\/\" \/>\n<meta property=\"og:site_name\" content=\"Repuestos de Gas - Cocina - Refrigeraci\u00f3n - Lavander\u00eda Costa Rica\" \/>\n<meta property=\"article:modified_time\" content=\"2025-11-11T22:44:27+00:00\" \/>\n<meta property=\"og:image\" content=\"https:\/\/tecnoairesistemas.com\/repuestos-de-gas-cocina-refrigeracion-costa-rica\/wp-content\/uploads\/2025\/11\/SCF620404-10.webp\" \/>\n\t<meta property=\"og:image:width\" content=\"800\" \/>\n\t<meta property=\"og:image:height\" content=\"640\" \/>\n\t<meta property=\"og:image:type\" content=\"image\/webp\" \/>\n<meta name=\"twitter:card\" content=\"summary_large_image\" \/>\n<meta name=\"twitter:label1\" content=\"Tiempo de lectura\" \/>\n\t<meta name=\"twitter:data1\" content=\"1 minuto\" \/>\n<script type=\"application\/ld+json\" class=\"yoast-schema-graph\">{\"@context\":\"https:\/\/schema.org\",\"@graph\":[{\"@type\":\"WebPage\",\"@id\":\"https:\/\/tecnoairesistemas.com\/repuestos-de-gas-cocina-refrigeracion-costa-rica\/catalogo\/sensor-de-temperatura-scotsman-costa-rica\/\",\"url\":\"https:\/\/tecnoairesistemas.com\/repuestos-de-gas-cocina-refrigeracion-costa-rica\/catalogo\/sensor-de-temperatura-scotsman-costa-rica\/\",\"name\":\"Sensor de Temperatura Scotsman - Repuestos de Gas - Cocina - Refrigeraci\u00f3n - Lavander\u00eda Costa Rica\",\"isPartOf\":{\"@id\":\"https:\/\/tecnoairesistemas.com\/repuestos-de-gas-cocina-refrigeracion-costa-rica\/#website\"},\"primaryImageOfPage\":{\"@id\":\"https:\/\/tecnoairesistemas.com\/repuestos-de-gas-cocina-refrigeracion-costa-rica\/catalogo\/sensor-de-temperatura-scotsman-costa-rica\/#primaryimage\"},\"image\":{\"@id\":\"https:\/\/tecnoairesistemas.com\/repuestos-de-gas-cocina-refrigeracion-costa-rica\/catalogo\/sensor-de-temperatura-scotsman-costa-rica\/#primaryimage\"},\"thumbnailUrl\":\"https:\/\/tecnoairesistemas.com\/repuestos-de-gas-cocina-refrigeracion-costa-rica\/wp-content\/uploads\/2025\/11\/SCF620404-10.webp\",\"datePublished\":\"2025-11-11T22:05:36+00:00\",\"dateModified\":\"2025-11-11T22:44:27+00:00\",\"description\":\"Mant\u00e9n tu m\u00e1quina de hielo Scotsman funcionando con precisi\u00f3n y eficiencia con este sensor de temperatura original OEM F620404-10. Dise\u00f1ado para ofrecer un rendimiento confiable y lecturas exactas, este repuesto es esencial para garantizar la correcta producci\u00f3n y control de temperatura del hielo.\",\"breadcrumb\":{\"@id\":\"https:\/\/tecnoairesistemas.com\/repuestos-de-gas-cocina-refrigeracion-costa-rica\/catalogo\/sensor-de-temperatura-scotsman-costa-rica\/#breadcrumb\"},\"inLanguage\":\"es\",\"potentialAction\":[{\"@type\":\"ReadAction\",\"target\":[\"https:\/\/tecnoairesistemas.com\/repuestos-de-gas-cocina-refrigeracion-costa-rica\/catalogo\/sensor-de-temperatura-scotsman-costa-rica\/\"]}]},{\"@type\":\"ImageObject\",\"inLanguage\":\"es\",\"@id\":\"https:\/\/tecnoairesistemas.com\/repuestos-de-gas-cocina-refrigeracion-costa-rica\/catalogo\/sensor-de-temperatura-scotsman-costa-rica\/#primaryimage\",\"url\":\"https:\/\/tecnoairesistemas.com\/repuestos-de-gas-cocina-refrigeracion-costa-rica\/wp-content\/uploads\/2025\/11\/SCF620404-10.webp\",\"contentUrl\":\"https:\/\/tecnoairesistemas.com\/repuestos-de-gas-cocina-refrigeracion-costa-rica\/wp-content\/uploads\/2025\/11\/SCF620404-10.webp\",\"width\":800,\"height\":640},{\"@type\":\"BreadcrumbList\",\"@id\":\"https:\/\/tecnoairesistemas.com\/repuestos-de-gas-cocina-refrigeracion-costa-rica\/catalogo\/sensor-de-temperatura-scotsman-costa-rica\/#breadcrumb\",\"itemListElement\":[{\"@type\":\"ListItem\",\"position\":1,\"name\":\"Portada\",\"item\":\"https:\/\/tecnoairesistemas.com\/repuestos-de-gas-cocina-refrigeracion-costa-rica\/\"},{\"@type\":\"ListItem\",\"position\":2,\"name\":\"Cat\u00e1logo de Equipos y Repuestos\",\"item\":\"https:\/\/tecnoairesistemas.com\/repuestos-de-gas-cocina-refrigeracion-costa-rica\/catalogo-de-equipos-y-repuestos\/\"},{\"@type\":\"ListItem\",\"position\":3,\"name\":\"Sensor de Temperatura Scotsman\"}]},{\"@type\":\"WebSite\",\"@id\":\"https:\/\/tecnoairesistemas.com\/repuestos-de-gas-cocina-refrigeracion-costa-rica\/#website\",\"url\":\"https:\/\/tecnoairesistemas.com\/repuestos-de-gas-cocina-refrigeracion-costa-rica\/\",\"name\":\"Repuestos de Gas - Cocina - Refrigeraci\u00f3n - Lavander\u00eda Costa Rica\",\"description\":\"Repuestos de Gas - Cocina - Refrigeraci\u00f3n - Lavander\u00eda Costa Rica\",\"publisher\":{\"@id\":\"https:\/\/tecnoairesistemas.com\/repuestos-de-gas-cocina-refrigeracion-costa-rica\/#organization\"},\"potentialAction\":[{\"@type\":\"SearchAction\",\"target\":{\"@type\":\"EntryPoint\",\"urlTemplate\":\"https:\/\/tecnoairesistemas.com\/repuestos-de-gas-cocina-refrigeracion-costa-rica\/?s={search_term_string}\"},\"query-input\":{\"@type\":\"PropertyValueSpecification\",\"valueRequired\":true,\"valueName\":\"search_term_string\"}}],\"inLanguage\":\"es\"},{\"@type\":\"Organization\",\"@id\":\"https:\/\/tecnoairesistemas.com\/repuestos-de-gas-cocina-refrigeracion-costa-rica\/#organization\",\"name\":\"Repuestos de Gas - Cocina - Refrigeraci\u00f3n - Lavander\u00eda Costa Rica\",\"url\":\"https:\/\/tecnoairesistemas.com\/repuestos-de-gas-cocina-refrigeracion-costa-rica\/\",\"logo\":{\"@type\":\"ImageObject\",\"inLanguage\":\"es\",\"@id\":\"https:\/\/tecnoairesistemas.com\/repuestos-de-gas-cocina-refrigeracion-costa-rica\/#\/schema\/logo\/image\/\",\"url\":\"https:\/\/tecnoairesistemas.com\/repuestos-de-gas-cocina-refrigeracion-costa-rica\/wp-content\/uploads\/2021\/11\/logo-sin-fondo.png\",\"contentUrl\":\"https:\/\/tecnoairesistemas.com\/repuestos-de-gas-cocina-refrigeracion-costa-rica\/wp-content\/uploads\/2021\/11\/logo-sin-fondo.png\",\"width\":960,\"height\":960,\"caption\":\"Repuestos de Gas - Cocina - Refrigeraci\u00f3n - Lavander\u00eda Costa Rica\"},\"image\":{\"@id\":\"https:\/\/tecnoairesistemas.com\/repuestos-de-gas-cocina-refrigeracion-costa-rica\/#\/schema\/logo\/image\/\"}}]}<\/script>\n<!-- \/ Yoast SEO plugin. -->","yoast_head_json":{"title":"Sensor de Temperatura Scotsman - Repuestos de Gas - Cocina - Refrigeraci\u00f3n - Lavander\u00eda Costa Rica","description":"Mant\u00e9n tu m\u00e1quina de hielo Scotsman funcionando con precisi\u00f3n y eficiencia con este sensor de temperatura original OEM F620404-10. Dise\u00f1ado para ofrecer un rendimiento confiable y lecturas exactas, este repuesto es esencial para garantizar la correcta producci\u00f3n y control de temperatura del hielo.","robots":{"index":"index","follow":"follow","max-snippet":"max-snippet:-1","max-image-preview":"max-image-preview:large","max-video-preview":"max-video-preview:-1"},"canonical":"https:\/\/tecnoairesistemas.com\/repuestos-de-gas-cocina-refrigeracion-costa-rica\/catalogo\/sensor-de-temperatura-scotsman-costa-rica\/","og_locale":"es_ES","og_type":"article","og_title":"Sensor de Temperatura Scotsman - Repuestos de Gas - Cocina - Refrigeraci\u00f3n - Lavander\u00eda Costa Rica","og_description":"Mant\u00e9n tu m\u00e1quina de hielo Scotsman funcionando con precisi\u00f3n y eficiencia con este sensor de temperatura original OEM F620404-10. Dise\u00f1ado para ofrecer un rendimiento confiable y lecturas exactas, este repuesto es esencial para garantizar la correcta producci\u00f3n y control de temperatura del hielo.","og_url":"https:\/\/tecnoairesistemas.com\/repuestos-de-gas-cocina-refrigeracion-costa-rica\/catalogo\/sensor-de-temperatura-scotsman-costa-rica\/","og_site_name":"Repuestos de Gas - Cocina - Refrigeraci\u00f3n - Lavander\u00eda Costa Rica","article_modified_time":"2025-11-11T22:44:27+00:00","og_image":[{"width":800,"height":640,"url":"https:\/\/tecnoairesistemas.com\/repuestos-de-gas-cocina-refrigeracion-costa-rica\/wp-content\/uploads\/2025\/11\/SCF620404-10.webp","type":"image\/webp"}],"twitter_card":"summary_large_image","twitter_misc":{"Tiempo de lectura":"1 minuto"},"schema":{"@context":"https:\/\/schema.org","@graph":[{"@type":"WebPage","@id":"https:\/\/tecnoairesistemas.com\/repuestos-de-gas-cocina-refrigeracion-costa-rica\/catalogo\/sensor-de-temperatura-scotsman-costa-rica\/","url":"https:\/\/tecnoairesistemas.com\/repuestos-de-gas-cocina-refrigeracion-costa-rica\/catalogo\/sensor-de-temperatura-scotsman-costa-rica\/","name":"Sensor de Temperatura Scotsman - Repuestos de Gas - Cocina - Refrigeraci\u00f3n - Lavander\u00eda Costa Rica","isPartOf":{"@id":"https:\/\/tecnoairesistemas.com\/repuestos-de-gas-cocina-refrigeracion-costa-rica\/#website"},"primaryImageOfPage":{"@id":"https:\/\/tecnoairesistemas.com\/repuestos-de-gas-cocina-refrigeracion-costa-rica\/catalogo\/sensor-de-temperatura-scotsman-costa-rica\/#primaryimage"},"image":{"@id":"https:\/\/tecnoairesistemas.com\/repuestos-de-gas-cocina-refrigeracion-costa-rica\/catalogo\/sensor-de-temperatura-scotsman-costa-rica\/#primaryimage"},"thumbnailUrl":"https:\/\/tecnoairesistemas.com\/repuestos-de-gas-cocina-refrigeracion-costa-rica\/wp-content\/uploads\/2025\/11\/SCF620404-10.webp","datePublished":"2025-11-11T22:05:36+00:00","dateModified":"2025-11-11T22:44:27+00:00","description":"Mant\u00e9n tu m\u00e1quina de hielo Scotsman funcionando con precisi\u00f3n y eficiencia con este sensor de temperatura original OEM F620404-10. Dise\u00f1ado para ofrecer un rendimiento confiable y lecturas exactas, este repuesto es esencial para garantizar la correcta producci\u00f3n y control de temperatura del hielo.","breadcrumb":{"@id":"https:\/\/tecnoairesistemas.com\/repuestos-de-gas-cocina-refrigeracion-costa-rica\/catalogo\/sensor-de-temperatura-scotsman-costa-rica\/#breadcrumb"},"inLanguage":"es","potentialAction":[{"@type":"ReadAction","target":["https:\/\/tecnoairesistemas.com\/repuestos-de-gas-cocina-refrigeracion-costa-rica\/catalogo\/sensor-de-temperatura-scotsman-costa-rica\/"]}]},{"@type":"ImageObject","inLanguage":"es","@id":"https:\/\/tecnoairesistemas.com\/repuestos-de-gas-cocina-refrigeracion-costa-rica\/catalogo\/sensor-de-temperatura-scotsman-costa-rica\/#primaryimage","url":"https:\/\/tecnoairesistemas.com\/repuestos-de-gas-cocina-refrigeracion-costa-rica\/wp-content\/uploads\/2025\/11\/SCF620404-10.webp","contentUrl":"https:\/\/tecnoairesistemas.com\/repuestos-de-gas-cocina-refrigeracion-costa-rica\/wp-content\/uploads\/2025\/11\/SCF620404-10.webp","width":800,"height":640},{"@type":"BreadcrumbList","@id":"https:\/\/tecnoairesistemas.com\/repuestos-de-gas-cocina-refrigeracion-costa-rica\/catalogo\/sensor-de-temperatura-scotsman-costa-rica\/#breadcrumb","itemListElement":[{"@type":"ListItem","position":1,"name":"Portada","item":"https:\/\/tecnoairesistemas.com\/repuestos-de-gas-cocina-refrigeracion-costa-rica\/"},{"@type":"ListItem","position":2,"name":"Cat\u00e1logo de Equipos y Repuestos","item":"https:\/\/tecnoairesistemas.com\/repuestos-de-gas-cocina-refrigeracion-costa-rica\/catalogo-de-equipos-y-repuestos\/"},{"@type":"ListItem","position":3,"name":"Sensor de Temperatura Scotsman"}]},{"@type":"WebSite","@id":"https:\/\/tecnoairesistemas.com\/repuestos-de-gas-cocina-refrigeracion-costa-rica\/#website","url":"https:\/\/tecnoairesistemas.com\/repuestos-de-gas-cocina-refrigeracion-costa-rica\/","name":"Repuestos de Gas - Cocina - Refrigeraci\u00f3n - Lavander\u00eda Costa Rica","description":"Repuestos de Gas - Cocina - Refrigeraci\u00f3n - Lavander\u00eda Costa Rica","publisher":{"@id":"https:\/\/tecnoairesistemas.com\/repuestos-de-gas-cocina-refrigeracion-costa-rica\/#organization"},"potentialAction":[{"@type":"SearchAction","target":{"@type":"EntryPoint","urlTemplate":"https:\/\/tecnoairesistemas.com\/repuestos-de-gas-cocina-refrigeracion-costa-rica\/?s={search_term_string}"},"query-input":{"@type":"PropertyValueSpecification","valueRequired":true,"valueName":"search_term_string"}}],"inLanguage":"es"},{"@type":"Organization","@id":"https:\/\/tecnoairesistemas.com\/repuestos-de-gas-cocina-refrigeracion-costa-rica\/#organization","name":"Repuestos de Gas - Cocina - Refrigeraci\u00f3n - Lavander\u00eda Costa Rica","url":"https:\/\/tecnoairesistemas.com\/repuestos-de-gas-cocina-refrigeracion-costa-rica\/","logo":{"@type":"ImageObject","inLanguage":"es","@id":"https:\/\/tecnoairesistemas.com\/repuestos-de-gas-cocina-refrigeracion-costa-rica\/#\/schema\/logo\/image\/","url":"https:\/\/tecnoairesistemas.com\/repuestos-de-gas-cocina-refrigeracion-costa-rica\/wp-content\/uploads\/2021\/11\/logo-sin-fondo.png","contentUrl":"https:\/\/tecnoairesistemas.com\/repuestos-de-gas-cocina-refrigeracion-costa-rica\/wp-content\/uploads\/2021\/11\/logo-sin-fondo.png","width":960,"height":960,"caption":"Repuestos de Gas - Cocina - Refrigeraci\u00f3n - Lavander\u00eda Costa Rica"},"image":{"@id":"https:\/\/tecnoairesistemas.com\/repuestos-de-gas-cocina-refrigeracion-costa-rica\/#\/schema\/logo\/image\/"}}]}},"jetpack_sharing_enabled":true,"_links":{"self":[{"href":"https:\/\/tecnoairesistemas.com\/repuestos-de-gas-cocina-refrigeracion-costa-rica\/wp-json\/wp\/v2\/product\/4667","targetHints":{"allow":["GET"]}}],"collection":[{"href":"https:\/\/tecnoairesistemas.com\/repuestos-de-gas-cocina-refrigeracion-costa-rica\/wp-json\/wp\/v2\/product"}],"about":[{"href":"https:\/\/tecnoairesistemas.com\/repuestos-de-gas-cocina-refrigeracion-costa-rica\/wp-json\/wp\/v2\/types\/product"}],"replies":[{"embeddable":true,"href":"https:\/\/tecnoairesistemas.com\/repuestos-de-gas-cocina-refrigeracion-costa-rica\/wp-json\/wp\/v2\/comments?post=4667"}],"wp:featuredmedia":[{"embeddable":true,"href":"https:\/\/tecnoairesistemas.com\/repuestos-de-gas-cocina-refrigeracion-costa-rica\/wp-json\/wp\/v2\/media\/4668"}],"wp:attachment":[{"href":"https:\/\/tecnoairesistemas.com\/repuestos-de-gas-cocina-refrigeracion-costa-rica\/wp-json\/wp\/v2\/media?parent=4667"}],"wp:term":[{"taxonomy":"product_cat","embeddable":true,"href":"https:\/\/tecnoairesistemas.com\/repuestos-de-gas-cocina-refrigeracion-costa-rica\/wp-json\/wp\/v2\/product_cat?post=4667"},{"taxonomy":"product_tag","embeddable":true,"href":"https:\/\/tecnoairesistemas.com\/repuestos-de-gas-cocina-refrigeracion-costa-rica\/wp-json\/wp\/v2\/product_tag?post=4667"}],"curies":[{"name":"wp","href":"https:\/\/api.w.org\/{rel}","templated":true}]}}