{"id":4670,"date":"2025-11-11T22:09:33","date_gmt":"2025-11-11T22:09:33","guid":{"rendered":"https:\/\/tecnoairesistemas.com\/repuestos-de-gas-cocina-refrigeracion-costa-rica\/?post_type=product&#038;p=4670"},"modified":"2025-11-11T22:44:10","modified_gmt":"2025-11-11T22:44:10","slug":"sensor-de-dispensacion-de-agua-scotsman-costa-rica","status":"publish","type":"product","link":"https:\/\/tecnoairesistemas.com\/repuestos-de-gas-cocina-refrigeracion-costa-rica\/catalogo\/sensor-de-dispensacion-de-agua-scotsman-costa-rica\/","title":{"rendered":"Sensor de Dispensaci\u00f3n de Agua Scotsman"},"content":{"rendered":"<h3 data-start=\"179\" data-end=\"241\"><strong data-start=\"183\" data-end=\"241\">Sensor de Dispensaci\u00f3n de Agua Scotsman OEM 11-0614-01<\/strong><\/h3>\n<p data-start=\"243\" data-end=\"530\">Mant\u00e9n el rendimiento y la precisi\u00f3n de tu m\u00e1quina de hielo Scotsman con el <strong data-start=\"319\" data-end=\"377\">sensor de dispensaci\u00f3n de agua original OEM 11-0614-01<\/strong>. Este componente garantiza un flujo y nivel de agua correctos durante el ciclo de producci\u00f3n, evitando fallas y optimizando el rendimiento del equipo.<\/p>\n<p data-start=\"532\" data-end=\"566\"><strong data-start=\"532\" data-end=\"564\">Caracter\u00edsticas principales:<\/strong><\/p>\n<ul data-start=\"567\" data-end=\"891\">\n<li data-start=\"567\" data-end=\"605\">\n<p data-start=\"569\" data-end=\"605\">\ud83d\udd27 <strong data-start=\"572\" data-end=\"592\">N\u00famero de parte:<\/strong> 11-0614-01<\/p>\n<\/li>\n<li data-start=\"606\" data-end=\"667\">\n<p data-start=\"608\" data-end=\"667\">\u2705 <strong data-start=\"610\" data-end=\"619\">Tipo:<\/strong> Sensor de dispensaci\u00f3n de agua original (OEM)<\/p>\n<\/li>\n<li data-start=\"668\" data-end=\"735\">\n<p data-start=\"670\" data-end=\"735\">\ud83e\uddca <strong data-start=\"673\" data-end=\"692\">Compatibilidad:<\/strong> Dise\u00f1ado para m\u00e1quinas de hielo Scotsman<\/p>\n<\/li>\n<li data-start=\"736\" data-end=\"803\">\n<p data-start=\"738\" data-end=\"803\">\u2699\ufe0f <strong data-start=\"741\" data-end=\"753\">Funci\u00f3n:<\/strong> Controla el nivel y flujo de agua en el sistema<\/p>\n<\/li>\n<li data-start=\"804\" data-end=\"891\">\n<p data-start=\"806\" data-end=\"891\">\ud83d\udcaa <strong data-start=\"809\" data-end=\"821\">Calidad:<\/strong> Fabricado con materiales duraderos para un funcionamiento confiable<\/p>\n<\/li>\n<\/ul>\n<p data-start=\"893\" data-end=\"910\"><strong data-start=\"893\" data-end=\"908\">Beneficios:<\/strong><\/p>\n<ul data-start=\"911\" data-end=\"1090\">\n<li data-start=\"911\" data-end=\"966\">\n<p data-start=\"913\" data-end=\"966\">Asegura una producci\u00f3n de hielo eficiente y estable<\/p>\n<\/li>\n<li data-start=\"967\" data-end=\"1021\">\n<p data-start=\"969\" data-end=\"1021\">Reduce fallos por errores en el suministro de agua<\/p>\n<\/li>\n<li data-start=\"1022\" data-end=\"1090\">\n<p data-start=\"1024\" data-end=\"1090\">F\u00e1cil de instalar y totalmente compatible con modelos originales<\/p>\n<\/li>\n<\/ul>\n<p data-start=\"1092\" data-end=\"1210\"><strong data-start=\"1092\" data-end=\"1121\">Env\u00edos y soporte t\u00e9cnico:<\/strong><br data-start=\"1121\" data-end=\"1124\" \/>\ud83d\udce6 Env\u00edos a todo Costa Rica<br data-start=\"1151\" data-end=\"1154\" \/>\ud83d\udee0\ufe0f Asesor\u00eda t\u00e9cnica para instalaci\u00f3n y compatibilidad<\/p>\n<div class=\"occasional\">\n<h5><b>C\u00f3digo Tecno Aire Sistemas:<\/b> 024-0614<\/h5>\n<p>&nbsp;<\/p>\n<\/div>\n<div class=\"occasional\">\n<h5><b>C\u00f3digo Fabricante OEM: 11-0614-01<\/b><\/h5>\n<h5 style=\"font-style: normal;\"><\/h5>\n<h5><b>Disponibilidad:\u00a0<\/b><u>A Confirmar Stock<\/u><\/h5>\n<\/div>\n","protected":false},"excerpt":{"rendered":"<div class=\"occasional\">\n<div class=\"occasional\">\n<h5><b>C\u00f3digo Tecno Aire Sistemas:<\/b> 024-0614<\/h5>\n<p>&nbsp;<\/p>\n<\/div>\n<div class=\"occasional\">\n<h5><b>C\u00f3digo Fabricante OEM: 11-0614-01<\/b><\/h5>\n<\/div>\n<\/div>\n<div class=\"occasional\">\n<h5 style=\"font-style: normal;\"><\/h5>\n<h5><b>Disponibilidad:\u00a0<\/b><u>A Confirmar Stock<\/u><\/h5>\n<\/div>\n","protected":false},"featured_media":4671,"comment_status":"open","ping_status":"closed","template":"","meta":{"om_disable_all_campaigns":false,"_mi_skip_tracking":false,"_monsterinsights_sitenote_active":false,"_monsterinsights_sitenote_note":"","_monsterinsights_sitenote_category":0,"site-sidebar-layout":"default","site-content-layout":"default","ast-global-header-display":"","ast-banner-title-visibility":"","ast-main-header-display":"","ast-hfb-above-header-display":"","ast-hfb-below-header-display":"","ast-hfb-mobile-header-display":"","site-post-title":"","ast-breadcrumbs-content":"","ast-featured-img":"","footer-sml-layout":"","theme-transparent-header-meta":"default","adv-header-id-meta":"","stick-header-meta":"","header-above-stick-meta":"","header-main-stick-meta":"","header-below-stick-meta":"","_joinchat":[]},"product_cat":[464,53],"product_tag":[489],"class_list":{"0":"post-4670","1":"product","2":"type-product","3":"status-publish","4":"has-post-thumbnail","6":"product_cat-repuestos-maquinas-de-hielo","7":"product_cat-repuestos-scotsman-costa-rica","8":"product_tag-scotsman","9":"desktop-align-left","10":"tablet-align-left","11":"mobile-align-left","13":"first","14":"instock","15":"shipping-taxable","16":"product-type-simple"},"yoast_head":"<!-- This site is optimized with the Yoast SEO plugin v24.1 - https:\/\/yoast.com\/wordpress\/plugins\/seo\/ -->\n<title>Sensor de Dispensaci\u00f3n de Agua Scotsman - Repuestos de Gas - Cocina - Refrigeraci\u00f3n - Lavander\u00eda Costa Rica<\/title>\n<meta name=\"description\" content=\"Mant\u00e9n el rendimiento y la precisi\u00f3n de tu m\u00e1quina de hielo Scotsman con el sensor de dispensaci\u00f3n de agua original OEM 11-0614-01. Este componente garantiza un flujo y nivel de agua correctos durante el ciclo de producci\u00f3n, evitando fallas y optimizando el rendimiento del equipo.\" \/>\n<meta name=\"robots\" content=\"index, follow, max-snippet:-1, max-image-preview:large, max-video-preview:-1\" \/>\n<link rel=\"canonical\" href=\"https:\/\/tecnoairesistemas.com\/repuestos-de-gas-cocina-refrigeracion-costa-rica\/catalogo\/sensor-de-dispensacion-de-agua-scotsman-costa-rica\/\" \/>\n<meta property=\"og:locale\" content=\"es_ES\" \/>\n<meta property=\"og:type\" content=\"article\" \/>\n<meta property=\"og:title\" content=\"Sensor de Dispensaci\u00f3n de Agua Scotsman - Repuestos de Gas - Cocina - Refrigeraci\u00f3n - Lavander\u00eda Costa Rica\" \/>\n<meta property=\"og:description\" content=\"Mant\u00e9n el rendimiento y la precisi\u00f3n de tu m\u00e1quina de hielo Scotsman con el sensor de dispensaci\u00f3n de agua original OEM 11-0614-01. Este componente garantiza un flujo y nivel de agua correctos durante el ciclo de producci\u00f3n, evitando fallas y optimizando el rendimiento del equipo.\" \/>\n<meta property=\"og:url\" content=\"https:\/\/tecnoairesistemas.com\/repuestos-de-gas-cocina-refrigeracion-costa-rica\/catalogo\/sensor-de-dispensacion-de-agua-scotsman-costa-rica\/\" \/>\n<meta property=\"og:site_name\" content=\"Repuestos de Gas - Cocina - Refrigeraci\u00f3n - Lavander\u00eda Costa Rica\" \/>\n<meta property=\"article:modified_time\" content=\"2025-11-11T22:44:10+00:00\" \/>\n<meta property=\"og:image\" content=\"https:\/\/tecnoairesistemas.com\/repuestos-de-gas-cocina-refrigeracion-costa-rica\/wp-content\/uploads\/2025\/11\/2469892.jpg\" \/>\n\t<meta property=\"og:image:width\" content=\"600\" \/>\n\t<meta property=\"og:image:height\" content=\"600\" \/>\n\t<meta property=\"og:image:type\" content=\"image\/jpeg\" \/>\n<meta name=\"twitter:card\" content=\"summary_large_image\" \/>\n<meta name=\"twitter:label1\" content=\"Tiempo de lectura\" \/>\n\t<meta name=\"twitter:data1\" content=\"1 minuto\" \/>\n<script type=\"application\/ld+json\" class=\"yoast-schema-graph\">{\"@context\":\"https:\/\/schema.org\",\"@graph\":[{\"@type\":\"WebPage\",\"@id\":\"https:\/\/tecnoairesistemas.com\/repuestos-de-gas-cocina-refrigeracion-costa-rica\/catalogo\/sensor-de-dispensacion-de-agua-scotsman-costa-rica\/\",\"url\":\"https:\/\/tecnoairesistemas.com\/repuestos-de-gas-cocina-refrigeracion-costa-rica\/catalogo\/sensor-de-dispensacion-de-agua-scotsman-costa-rica\/\",\"name\":\"Sensor de Dispensaci\u00f3n de Agua Scotsman - Repuestos de Gas - Cocina - Refrigeraci\u00f3n - Lavander\u00eda Costa Rica\",\"isPartOf\":{\"@id\":\"https:\/\/tecnoairesistemas.com\/repuestos-de-gas-cocina-refrigeracion-costa-rica\/#website\"},\"primaryImageOfPage\":{\"@id\":\"https:\/\/tecnoairesistemas.com\/repuestos-de-gas-cocina-refrigeracion-costa-rica\/catalogo\/sensor-de-dispensacion-de-agua-scotsman-costa-rica\/#primaryimage\"},\"image\":{\"@id\":\"https:\/\/tecnoairesistemas.com\/repuestos-de-gas-cocina-refrigeracion-costa-rica\/catalogo\/sensor-de-dispensacion-de-agua-scotsman-costa-rica\/#primaryimage\"},\"thumbnailUrl\":\"https:\/\/tecnoairesistemas.com\/repuestos-de-gas-cocina-refrigeracion-costa-rica\/wp-content\/uploads\/2025\/11\/2469892.jpg\",\"datePublished\":\"2025-11-11T22:09:33+00:00\",\"dateModified\":\"2025-11-11T22:44:10+00:00\",\"description\":\"Mant\u00e9n el rendimiento y la precisi\u00f3n de tu m\u00e1quina de hielo Scotsman con el sensor de dispensaci\u00f3n de agua original OEM 11-0614-01. Este componente garantiza un flujo y nivel de agua correctos durante el ciclo de producci\u00f3n, evitando fallas y optimizando el rendimiento del equipo.\",\"breadcrumb\":{\"@id\":\"https:\/\/tecnoairesistemas.com\/repuestos-de-gas-cocina-refrigeracion-costa-rica\/catalogo\/sensor-de-dispensacion-de-agua-scotsman-costa-rica\/#breadcrumb\"},\"inLanguage\":\"es\",\"potentialAction\":[{\"@type\":\"ReadAction\",\"target\":[\"https:\/\/tecnoairesistemas.com\/repuestos-de-gas-cocina-refrigeracion-costa-rica\/catalogo\/sensor-de-dispensacion-de-agua-scotsman-costa-rica\/\"]}]},{\"@type\":\"ImageObject\",\"inLanguage\":\"es\",\"@id\":\"https:\/\/tecnoairesistemas.com\/repuestos-de-gas-cocina-refrigeracion-costa-rica\/catalogo\/sensor-de-dispensacion-de-agua-scotsman-costa-rica\/#primaryimage\",\"url\":\"https:\/\/tecnoairesistemas.com\/repuestos-de-gas-cocina-refrigeracion-costa-rica\/wp-content\/uploads\/2025\/11\/2469892.jpg\",\"contentUrl\":\"https:\/\/tecnoairesistemas.com\/repuestos-de-gas-cocina-refrigeracion-costa-rica\/wp-content\/uploads\/2025\/11\/2469892.jpg\",\"width\":600,\"height\":600},{\"@type\":\"BreadcrumbList\",\"@id\":\"https:\/\/tecnoairesistemas.com\/repuestos-de-gas-cocina-refrigeracion-costa-rica\/catalogo\/sensor-de-dispensacion-de-agua-scotsman-costa-rica\/#breadcrumb\",\"itemListElement\":[{\"@type\":\"ListItem\",\"position\":1,\"name\":\"Portada\",\"item\":\"https:\/\/tecnoairesistemas.com\/repuestos-de-gas-cocina-refrigeracion-costa-rica\/\"},{\"@type\":\"ListItem\",\"position\":2,\"name\":\"Cat\u00e1logo de Equipos y Repuestos\",\"item\":\"https:\/\/tecnoairesistemas.com\/repuestos-de-gas-cocina-refrigeracion-costa-rica\/catalogo-de-equipos-y-repuestos\/\"},{\"@type\":\"ListItem\",\"position\":3,\"name\":\"Sensor de Dispensaci\u00f3n de Agua Scotsman\"}]},{\"@type\":\"WebSite\",\"@id\":\"https:\/\/tecnoairesistemas.com\/repuestos-de-gas-cocina-refrigeracion-costa-rica\/#website\",\"url\":\"https:\/\/tecnoairesistemas.com\/repuestos-de-gas-cocina-refrigeracion-costa-rica\/\",\"name\":\"Repuestos de Gas - Cocina - Refrigeraci\u00f3n - Lavander\u00eda Costa Rica\",\"description\":\"Repuestos de Gas - Cocina - Refrigeraci\u00f3n - Lavander\u00eda Costa Rica\",\"publisher\":{\"@id\":\"https:\/\/tecnoairesistemas.com\/repuestos-de-gas-cocina-refrigeracion-costa-rica\/#organization\"},\"potentialAction\":[{\"@type\":\"SearchAction\",\"target\":{\"@type\":\"EntryPoint\",\"urlTemplate\":\"https:\/\/tecnoairesistemas.com\/repuestos-de-gas-cocina-refrigeracion-costa-rica\/?s={search_term_string}\"},\"query-input\":{\"@type\":\"PropertyValueSpecification\",\"valueRequired\":true,\"valueName\":\"search_term_string\"}}],\"inLanguage\":\"es\"},{\"@type\":\"Organization\",\"@id\":\"https:\/\/tecnoairesistemas.com\/repuestos-de-gas-cocina-refrigeracion-costa-rica\/#organization\",\"name\":\"Repuestos de Gas - Cocina - Refrigeraci\u00f3n - Lavander\u00eda Costa Rica\",\"url\":\"https:\/\/tecnoairesistemas.com\/repuestos-de-gas-cocina-refrigeracion-costa-rica\/\",\"logo\":{\"@type\":\"ImageObject\",\"inLanguage\":\"es\",\"@id\":\"https:\/\/tecnoairesistemas.com\/repuestos-de-gas-cocina-refrigeracion-costa-rica\/#\/schema\/logo\/image\/\",\"url\":\"https:\/\/tecnoairesistemas.com\/repuestos-de-gas-cocina-refrigeracion-costa-rica\/wp-content\/uploads\/2021\/11\/logo-sin-fondo.png\",\"contentUrl\":\"https:\/\/tecnoairesistemas.com\/repuestos-de-gas-cocina-refrigeracion-costa-rica\/wp-content\/uploads\/2021\/11\/logo-sin-fondo.png\",\"width\":960,\"height\":960,\"caption\":\"Repuestos de Gas - Cocina - Refrigeraci\u00f3n - Lavander\u00eda Costa Rica\"},\"image\":{\"@id\":\"https:\/\/tecnoairesistemas.com\/repuestos-de-gas-cocina-refrigeracion-costa-rica\/#\/schema\/logo\/image\/\"}}]}<\/script>\n<!-- \/ Yoast SEO plugin. -->","yoast_head_json":{"title":"Sensor de Dispensaci\u00f3n de Agua Scotsman - Repuestos de Gas - Cocina - Refrigeraci\u00f3n - Lavander\u00eda Costa Rica","description":"Mant\u00e9n el rendimiento y la precisi\u00f3n de tu m\u00e1quina de hielo Scotsman con el sensor de dispensaci\u00f3n de agua original OEM 11-0614-01. Este componente garantiza un flujo y nivel de agua correctos durante el ciclo de producci\u00f3n, evitando fallas y optimizando el rendimiento del equipo.","robots":{"index":"index","follow":"follow","max-snippet":"max-snippet:-1","max-image-preview":"max-image-preview:large","max-video-preview":"max-video-preview:-1"},"canonical":"https:\/\/tecnoairesistemas.com\/repuestos-de-gas-cocina-refrigeracion-costa-rica\/catalogo\/sensor-de-dispensacion-de-agua-scotsman-costa-rica\/","og_locale":"es_ES","og_type":"article","og_title":"Sensor de Dispensaci\u00f3n de Agua Scotsman - Repuestos de Gas - Cocina - Refrigeraci\u00f3n - Lavander\u00eda Costa Rica","og_description":"Mant\u00e9n el rendimiento y la precisi\u00f3n de tu m\u00e1quina de hielo Scotsman con el sensor de dispensaci\u00f3n de agua original OEM 11-0614-01. Este componente garantiza un flujo y nivel de agua correctos durante el ciclo de producci\u00f3n, evitando fallas y optimizando el rendimiento del equipo.","og_url":"https:\/\/tecnoairesistemas.com\/repuestos-de-gas-cocina-refrigeracion-costa-rica\/catalogo\/sensor-de-dispensacion-de-agua-scotsman-costa-rica\/","og_site_name":"Repuestos de Gas - Cocina - Refrigeraci\u00f3n - Lavander\u00eda Costa Rica","article_modified_time":"2025-11-11T22:44:10+00:00","og_image":[{"width":600,"height":600,"url":"https:\/\/tecnoairesistemas.com\/repuestos-de-gas-cocina-refrigeracion-costa-rica\/wp-content\/uploads\/2025\/11\/2469892.jpg","type":"image\/jpeg"}],"twitter_card":"summary_large_image","twitter_misc":{"Tiempo de lectura":"1 minuto"},"schema":{"@context":"https:\/\/schema.org","@graph":[{"@type":"WebPage","@id":"https:\/\/tecnoairesistemas.com\/repuestos-de-gas-cocina-refrigeracion-costa-rica\/catalogo\/sensor-de-dispensacion-de-agua-scotsman-costa-rica\/","url":"https:\/\/tecnoairesistemas.com\/repuestos-de-gas-cocina-refrigeracion-costa-rica\/catalogo\/sensor-de-dispensacion-de-agua-scotsman-costa-rica\/","name":"Sensor de Dispensaci\u00f3n de Agua Scotsman - Repuestos de Gas - Cocina - Refrigeraci\u00f3n - Lavander\u00eda Costa Rica","isPartOf":{"@id":"https:\/\/tecnoairesistemas.com\/repuestos-de-gas-cocina-refrigeracion-costa-rica\/#website"},"primaryImageOfPage":{"@id":"https:\/\/tecnoairesistemas.com\/repuestos-de-gas-cocina-refrigeracion-costa-rica\/catalogo\/sensor-de-dispensacion-de-agua-scotsman-costa-rica\/#primaryimage"},"image":{"@id":"https:\/\/tecnoairesistemas.com\/repuestos-de-gas-cocina-refrigeracion-costa-rica\/catalogo\/sensor-de-dispensacion-de-agua-scotsman-costa-rica\/#primaryimage"},"thumbnailUrl":"https:\/\/tecnoairesistemas.com\/repuestos-de-gas-cocina-refrigeracion-costa-rica\/wp-content\/uploads\/2025\/11\/2469892.jpg","datePublished":"2025-11-11T22:09:33+00:00","dateModified":"2025-11-11T22:44:10+00:00","description":"Mant\u00e9n el rendimiento y la precisi\u00f3n de tu m\u00e1quina de hielo Scotsman con el sensor de dispensaci\u00f3n de agua original OEM 11-0614-01. Este componente garantiza un flujo y nivel de agua correctos durante el ciclo de producci\u00f3n, evitando fallas y optimizando el rendimiento del equipo.","breadcrumb":{"@id":"https:\/\/tecnoairesistemas.com\/repuestos-de-gas-cocina-refrigeracion-costa-rica\/catalogo\/sensor-de-dispensacion-de-agua-scotsman-costa-rica\/#breadcrumb"},"inLanguage":"es","potentialAction":[{"@type":"ReadAction","target":["https:\/\/tecnoairesistemas.com\/repuestos-de-gas-cocina-refrigeracion-costa-rica\/catalogo\/sensor-de-dispensacion-de-agua-scotsman-costa-rica\/"]}]},{"@type":"ImageObject","inLanguage":"es","@id":"https:\/\/tecnoairesistemas.com\/repuestos-de-gas-cocina-refrigeracion-costa-rica\/catalogo\/sensor-de-dispensacion-de-agua-scotsman-costa-rica\/#primaryimage","url":"https:\/\/tecnoairesistemas.com\/repuestos-de-gas-cocina-refrigeracion-costa-rica\/wp-content\/uploads\/2025\/11\/2469892.jpg","contentUrl":"https:\/\/tecnoairesistemas.com\/repuestos-de-gas-cocina-refrigeracion-costa-rica\/wp-content\/uploads\/2025\/11\/2469892.jpg","width":600,"height":600},{"@type":"BreadcrumbList","@id":"https:\/\/tecnoairesistemas.com\/repuestos-de-gas-cocina-refrigeracion-costa-rica\/catalogo\/sensor-de-dispensacion-de-agua-scotsman-costa-rica\/#breadcrumb","itemListElement":[{"@type":"ListItem","position":1,"name":"Portada","item":"https:\/\/tecnoairesistemas.com\/repuestos-de-gas-cocina-refrigeracion-costa-rica\/"},{"@type":"ListItem","position":2,"name":"Cat\u00e1logo de Equipos y Repuestos","item":"https:\/\/tecnoairesistemas.com\/repuestos-de-gas-cocina-refrigeracion-costa-rica\/catalogo-de-equipos-y-repuestos\/"},{"@type":"ListItem","position":3,"name":"Sensor de Dispensaci\u00f3n de Agua Scotsman"}]},{"@type":"WebSite","@id":"https:\/\/tecnoairesistemas.com\/repuestos-de-gas-cocina-refrigeracion-costa-rica\/#website","url":"https:\/\/tecnoairesistemas.com\/repuestos-de-gas-cocina-refrigeracion-costa-rica\/","name":"Repuestos de Gas - Cocina - Refrigeraci\u00f3n - Lavander\u00eda Costa Rica","description":"Repuestos de Gas - Cocina - Refrigeraci\u00f3n - Lavander\u00eda Costa Rica","publisher":{"@id":"https:\/\/tecnoairesistemas.com\/repuestos-de-gas-cocina-refrigeracion-costa-rica\/#organization"},"potentialAction":[{"@type":"SearchAction","target":{"@type":"EntryPoint","urlTemplate":"https:\/\/tecnoairesistemas.com\/repuestos-de-gas-cocina-refrigeracion-costa-rica\/?s={search_term_string}"},"query-input":{"@type":"PropertyValueSpecification","valueRequired":true,"valueName":"search_term_string"}}],"inLanguage":"es"},{"@type":"Organization","@id":"https:\/\/tecnoairesistemas.com\/repuestos-de-gas-cocina-refrigeracion-costa-rica\/#organization","name":"Repuestos de Gas - Cocina - Refrigeraci\u00f3n - Lavander\u00eda Costa Rica","url":"https:\/\/tecnoairesistemas.com\/repuestos-de-gas-cocina-refrigeracion-costa-rica\/","logo":{"@type":"ImageObject","inLanguage":"es","@id":"https:\/\/tecnoairesistemas.com\/repuestos-de-gas-cocina-refrigeracion-costa-rica\/#\/schema\/logo\/image\/","url":"https:\/\/tecnoairesistemas.com\/repuestos-de-gas-cocina-refrigeracion-costa-rica\/wp-content\/uploads\/2021\/11\/logo-sin-fondo.png","contentUrl":"https:\/\/tecnoairesistemas.com\/repuestos-de-gas-cocina-refrigeracion-costa-rica\/wp-content\/uploads\/2021\/11\/logo-sin-fondo.png","width":960,"height":960,"caption":"Repuestos de Gas - Cocina - Refrigeraci\u00f3n - Lavander\u00eda Costa Rica"},"image":{"@id":"https:\/\/tecnoairesistemas.com\/repuestos-de-gas-cocina-refrigeracion-costa-rica\/#\/schema\/logo\/image\/"}}]}},"jetpack_sharing_enabled":true,"_links":{"self":[{"href":"https:\/\/tecnoairesistemas.com\/repuestos-de-gas-cocina-refrigeracion-costa-rica\/wp-json\/wp\/v2\/product\/4670","targetHints":{"allow":["GET"]}}],"collection":[{"href":"https:\/\/tecnoairesistemas.com\/repuestos-de-gas-cocina-refrigeracion-costa-rica\/wp-json\/wp\/v2\/product"}],"about":[{"href":"https:\/\/tecnoairesistemas.com\/repuestos-de-gas-cocina-refrigeracion-costa-rica\/wp-json\/wp\/v2\/types\/product"}],"replies":[{"embeddable":true,"href":"https:\/\/tecnoairesistemas.com\/repuestos-de-gas-cocina-refrigeracion-costa-rica\/wp-json\/wp\/v2\/comments?post=4670"}],"wp:featuredmedia":[{"embeddable":true,"href":"https:\/\/tecnoairesistemas.com\/repuestos-de-gas-cocina-refrigeracion-costa-rica\/wp-json\/wp\/v2\/media\/4671"}],"wp:attachment":[{"href":"https:\/\/tecnoairesistemas.com\/repuestos-de-gas-cocina-refrigeracion-costa-rica\/wp-json\/wp\/v2\/media?parent=4670"}],"wp:term":[{"taxonomy":"product_cat","embeddable":true,"href":"https:\/\/tecnoairesistemas.com\/repuestos-de-gas-cocina-refrigeracion-costa-rica\/wp-json\/wp\/v2\/product_cat?post=4670"},{"taxonomy":"product_tag","embeddable":true,"href":"https:\/\/tecnoairesistemas.com\/repuestos-de-gas-cocina-refrigeracion-costa-rica\/wp-json\/wp\/v2\/product_tag?post=4670"}],"curies":[{"name":"wp","href":"https:\/\/api.w.org\/{rel}","templated":true}]}}