{"id":4703,"date":"2025-11-20T03:39:16","date_gmt":"2025-11-20T03:39:16","guid":{"rendered":"https:\/\/tecnoairesistemas.com\/repuestos-de-gas-cocina-refrigeracion-costa-rica\/?post_type=product&#038;p=4703"},"modified":"2025-11-20T03:44:48","modified_gmt":"2025-11-20T03:44:48","slug":"impeller-de-6-aspas-de-atornillar-hobart-costa-rica","status":"publish","type":"product","link":"https:\/\/tecnoairesistemas.com\/repuestos-de-gas-cocina-refrigeracion-costa-rica\/catalogo\/impeller-de-6-aspas-de-atornillar-hobart-costa-rica\/","title":{"rendered":"Impeller de 6 Aspas De Atornillar Hobart"},"content":{"rendered":"<h3 data-start=\"165\" data-end=\"215\"><strong data-start=\"169\" data-end=\"215\">Impeller de 6 Aspas para Hobart \u2013 OEM 3039 \/ 00-893039-00002\u00a0<\/strong><\/h3>\n<p data-start=\"217\" data-end=\"510\">Mant\u00e9n el rendimiento \u00f3ptimo de tu equipo Hobart con el <strong data-start=\"273\" data-end=\"327\">Impeller original de 6 aspas atornillable OEM 3039<\/strong>. Este componente es esencial para garantizar un flujo correcto en sistemas de bombeo o mezclado, asegurando eficiencia, consistencia y durabilidad en el funcionamiento de tu m\u00e1quina.<\/p>\n<p data-start=\"512\" data-end=\"546\"><strong data-start=\"512\" data-end=\"544\">Caracter\u00edsticas principales:<\/strong><\/p>\n<ul data-start=\"547\" data-end=\"879\">\n<li data-start=\"547\" data-end=\"579\">\n<p data-start=\"549\" data-end=\"579\">\ud83d\udd27 <strong data-start=\"552\" data-end=\"572\">N\u00famero de parte:<\/strong> 3039<\/p>\n<\/li>\n<li data-start=\"580\" data-end=\"629\">\n<p data-start=\"582\" data-end=\"629\">\ud83c\udf00 <strong data-start=\"585\" data-end=\"594\">Tipo:<\/strong> Impeller de 6 aspas atornillable<\/p>\n<\/li>\n<li data-start=\"630\" data-end=\"708\">\n<p data-start=\"632\" data-end=\"708\">\ud83e\udde9 <strong data-start=\"635\" data-end=\"654\">Compatibilidad:<\/strong> Dise\u00f1ado para modelos espec\u00edficos de equipos Hobart<\/p>\n<\/li>\n<li data-start=\"709\" data-end=\"799\">\n<p data-start=\"711\" data-end=\"799\">\u2699\ufe0f <strong data-start=\"714\" data-end=\"726\">Funci\u00f3n:<\/strong> Permite un flujo uniforme y eficiente en sistemas de bombeo o mezclado<\/p>\n<\/li>\n<li data-start=\"800\" data-end=\"879\">\n<p data-start=\"802\" data-end=\"879\">\ud83d\udcaa <strong data-start=\"805\" data-end=\"817\">Calidad:<\/strong> Fabricado con materiales resistentes para larga durabilidad<\/p>\n<\/li>\n<\/ul>\n<p data-start=\"881\" data-end=\"898\"><strong data-start=\"881\" data-end=\"896\">Beneficios:<\/strong><\/p>\n<ul data-start=\"899\" data-end=\"1148\">\n<li data-start=\"899\" data-end=\"955\">\n<p data-start=\"901\" data-end=\"955\">Asegura un rendimiento \u00f3ptimo y constante del equipo<\/p>\n<\/li>\n<li data-start=\"956\" data-end=\"1014\">\n<p data-start=\"958\" data-end=\"1014\">Facilita el movimiento eficiente de l\u00edquidos o mezclas<\/p>\n<\/li>\n<li data-start=\"1015\" data-end=\"1077\">\n<p data-start=\"1017\" data-end=\"1077\">Repuesto original para ajuste perfecto y f\u00e1cil instalaci\u00f3n<\/p>\n<\/li>\n<li data-start=\"1078\" data-end=\"1148\">\n<p data-start=\"1080\" data-end=\"1148\">Reduce riesgos de desgaste prematuro o fallas por piezas gen\u00e9ricas<\/p>\n<\/li>\n<\/ul>\n<p data-start=\"1150\" data-end=\"1288\"><strong data-start=\"1150\" data-end=\"1179\">Env\u00edos y soporte t\u00e9cnico:<\/strong><br data-start=\"1179\" data-end=\"1182\" \/>\ud83d\udce6 Entregas r\u00e1pidas a todo Costa Rica<br data-start=\"1219\" data-end=\"1222\" \/>\ud83d\udee0\ufe0f Brindamos asesor\u00eda t\u00e9cnica para compatibilidad e instalaci\u00f3n<\/p>\n<div class=\"occasional\">\n<h5><b>C\u00f3digo Tecno Aire Sistemas: 048-3039<\/b><\/h5>\n<p>&nbsp;<\/p>\n<\/div>\n<div class=\"occasional\">\n<h5><b>C\u00f3digo Fabricante OEM: <\/b><strong data-start=\"169\" data-end=\"215\">3039 \/ 00-893039-00002\u00a0<\/strong><\/h5>\n<h5 style=\"font-style: normal;\"><\/h5>\n<h5><b>Disponibilidad:\u00a0<\/b><u>A Confirmar Stock<\/u><\/h5>\n<\/div>\n","protected":false},"excerpt":{"rendered":"<div class=\"occasional\">\n<div class=\"occasional\">\n<div class=\"occasional\">\n<div class=\"occasional\">\n<div class=\"occasional\">\n<div class=\"occasional\">\n<div class=\"occasional\">\n<div class=\"occasional\">\n<div class=\"occasional\">\n<div class=\"occasional\">\n<div class=\"occasional\">\n<div class=\"occasional\">\n<div class=\"occasional\">\n<div class=\"occasional\">\n<div class=\"occasional\">\n<div class=\"occasional\">\n<h5><b>C\u00f3digo Tecno Aire Sistemas: 048-3039<\/b><\/h5>\n<p>&nbsp;<\/p>\n<\/div>\n<div class=\"occasional\">\n<h5><b>C\u00f3digo Fabricante OEM: <\/b><strong data-start=\"169\" data-end=\"215\">3039 \/ 00-893039-00002\u00a0<\/strong><\/h5>\n<h5 style=\"font-style: normal;\"><\/h5>\n<h5><b>Disponibilidad:\u00a0<\/b><u>A Confirmar Stock<\/u><\/h5>\n<\/div>\n<\/div>\n<\/div>\n<\/div>\n<\/div>\n<\/div>\n<\/div>\n<\/div>\n<\/div>\n<\/div>\n<\/div>\n<\/div>\n<\/div>\n<\/div>\n<\/div>\n<\/div>\n","protected":false},"featured_media":4704,"comment_status":"open","ping_status":"closed","template":"","meta":{"om_disable_all_campaigns":false,"_mi_skip_tracking":false,"_monsterinsights_sitenote_active":false,"_monsterinsights_sitenote_note":"","_monsterinsights_sitenote_category":0,"site-sidebar-layout":"default","site-content-layout":"default","ast-global-header-display":"","ast-banner-title-visibility":"","ast-main-header-display":"","ast-hfb-above-header-display":"","ast-hfb-below-header-display":"","ast-hfb-mobile-header-display":"","site-post-title":"","ast-breadcrumbs-content":"","ast-featured-img":"","footer-sml-layout":"","theme-transparent-header-meta":"default","adv-header-id-meta":"","stick-header-meta":"","header-above-stick-meta":"","header-main-stick-meta":"","header-below-stick-meta":"","_joinchat":[]},"product_cat":[44],"product_tag":[490],"class_list":{"0":"post-4703","1":"product","2":"type-product","3":"status-publish","4":"has-post-thumbnail","6":"product_cat-repuestos-hobart-costa-rica","7":"product_tag-hobart","8":"desktop-align-left","9":"tablet-align-left","10":"mobile-align-left","12":"first","13":"instock","14":"shipping-taxable","15":"product-type-simple"},"yoast_head":"<!-- This site is optimized with the Yoast SEO plugin v24.1 - https:\/\/yoast.com\/wordpress\/plugins\/seo\/ -->\n<title>Impeller de 6 Aspas De Atornillar Hobart - Repuestos de Gas - Cocina - Refrigeraci\u00f3n - Lavander\u00eda Costa Rica<\/title>\n<meta name=\"description\" content=\"Impeller de 6 Aspas para Hobart \u2013 OEM 3039 \/ 00-893039-00002\u00a0Mant\u00e9n el rendimiento \u00f3ptimo de tu equipo Hobart con el Impeller original de 6 aspas atornillable OEM 3039. Este componente es esencial para garantizar un flujo correcto en sistemas de bombeo o mezclado, asegurando eficiencia, consistencia y durabilidad en el funcionamiento de tu m\u00e1quina.\" \/>\n<meta name=\"robots\" content=\"index, follow, max-snippet:-1, max-image-preview:large, max-video-preview:-1\" \/>\n<link rel=\"canonical\" href=\"https:\/\/tecnoairesistemas.com\/repuestos-de-gas-cocina-refrigeracion-costa-rica\/catalogo\/impeller-de-6-aspas-de-atornillar-hobart-costa-rica\/\" \/>\n<meta property=\"og:locale\" content=\"es_ES\" \/>\n<meta property=\"og:type\" content=\"article\" \/>\n<meta property=\"og:title\" content=\"Impeller de 6 Aspas De Atornillar Hobart - Repuestos de Gas - Cocina - Refrigeraci\u00f3n - Lavander\u00eda Costa Rica\" \/>\n<meta property=\"og:description\" content=\"Impeller de 6 Aspas para Hobart \u2013 OEM 3039 \/ 00-893039-00002\u00a0Mant\u00e9n el rendimiento \u00f3ptimo de tu equipo Hobart con el Impeller original de 6 aspas atornillable OEM 3039. Este componente es esencial para garantizar un flujo correcto en sistemas de bombeo o mezclado, asegurando eficiencia, consistencia y durabilidad en el funcionamiento de tu m\u00e1quina.\" \/>\n<meta property=\"og:url\" content=\"https:\/\/tecnoairesistemas.com\/repuestos-de-gas-cocina-refrigeracion-costa-rica\/catalogo\/impeller-de-6-aspas-de-atornillar-hobart-costa-rica\/\" \/>\n<meta property=\"og:site_name\" content=\"Repuestos de Gas - Cocina - Refrigeraci\u00f3n - Lavander\u00eda Costa Rica\" \/>\n<meta property=\"article:modified_time\" content=\"2025-11-20T03:44:48+00:00\" \/>\n<meta property=\"og:image\" content=\"https:\/\/tecnoairesistemas.com\/repuestos-de-gas-cocina-refrigeracion-costa-rica\/wp-content\/uploads\/2025\/11\/21878958__17828.jpg\" \/>\n\t<meta property=\"og:image:width\" content=\"386\" \/>\n\t<meta property=\"og:image:height\" content=\"386\" \/>\n\t<meta property=\"og:image:type\" content=\"image\/jpeg\" \/>\n<meta name=\"twitter:card\" content=\"summary_large_image\" \/>\n<meta name=\"twitter:label1\" content=\"Tiempo de lectura\" \/>\n\t<meta name=\"twitter:data1\" content=\"1 minuto\" \/>\n<script type=\"application\/ld+json\" class=\"yoast-schema-graph\">{\"@context\":\"https:\/\/schema.org\",\"@graph\":[{\"@type\":\"WebPage\",\"@id\":\"https:\/\/tecnoairesistemas.com\/repuestos-de-gas-cocina-refrigeracion-costa-rica\/catalogo\/impeller-de-6-aspas-de-atornillar-hobart-costa-rica\/\",\"url\":\"https:\/\/tecnoairesistemas.com\/repuestos-de-gas-cocina-refrigeracion-costa-rica\/catalogo\/impeller-de-6-aspas-de-atornillar-hobart-costa-rica\/\",\"name\":\"Impeller de 6 Aspas De Atornillar Hobart - Repuestos de Gas - Cocina - Refrigeraci\u00f3n - Lavander\u00eda Costa Rica\",\"isPartOf\":{\"@id\":\"https:\/\/tecnoairesistemas.com\/repuestos-de-gas-cocina-refrigeracion-costa-rica\/#website\"},\"primaryImageOfPage\":{\"@id\":\"https:\/\/tecnoairesistemas.com\/repuestos-de-gas-cocina-refrigeracion-costa-rica\/catalogo\/impeller-de-6-aspas-de-atornillar-hobart-costa-rica\/#primaryimage\"},\"image\":{\"@id\":\"https:\/\/tecnoairesistemas.com\/repuestos-de-gas-cocina-refrigeracion-costa-rica\/catalogo\/impeller-de-6-aspas-de-atornillar-hobart-costa-rica\/#primaryimage\"},\"thumbnailUrl\":\"https:\/\/tecnoairesistemas.com\/repuestos-de-gas-cocina-refrigeracion-costa-rica\/wp-content\/uploads\/2025\/11\/21878958__17828.jpg\",\"datePublished\":\"2025-11-20T03:39:16+00:00\",\"dateModified\":\"2025-11-20T03:44:48+00:00\",\"description\":\"Impeller de 6 Aspas para Hobart \u2013 OEM 3039 \/ 00-893039-00002\u00a0Mant\u00e9n el rendimiento \u00f3ptimo de tu equipo Hobart con el Impeller original de 6 aspas atornillable OEM 3039. Este componente es esencial para garantizar un flujo correcto en sistemas de bombeo o mezclado, asegurando eficiencia, consistencia y durabilidad en el funcionamiento de tu m\u00e1quina.\",\"breadcrumb\":{\"@id\":\"https:\/\/tecnoairesistemas.com\/repuestos-de-gas-cocina-refrigeracion-costa-rica\/catalogo\/impeller-de-6-aspas-de-atornillar-hobart-costa-rica\/#breadcrumb\"},\"inLanguage\":\"es\",\"potentialAction\":[{\"@type\":\"ReadAction\",\"target\":[\"https:\/\/tecnoairesistemas.com\/repuestos-de-gas-cocina-refrigeracion-costa-rica\/catalogo\/impeller-de-6-aspas-de-atornillar-hobart-costa-rica\/\"]}]},{\"@type\":\"ImageObject\",\"inLanguage\":\"es\",\"@id\":\"https:\/\/tecnoairesistemas.com\/repuestos-de-gas-cocina-refrigeracion-costa-rica\/catalogo\/impeller-de-6-aspas-de-atornillar-hobart-costa-rica\/#primaryimage\",\"url\":\"https:\/\/tecnoairesistemas.com\/repuestos-de-gas-cocina-refrigeracion-costa-rica\/wp-content\/uploads\/2025\/11\/21878958__17828.jpg\",\"contentUrl\":\"https:\/\/tecnoairesistemas.com\/repuestos-de-gas-cocina-refrigeracion-costa-rica\/wp-content\/uploads\/2025\/11\/21878958__17828.jpg\",\"width\":386,\"height\":386},{\"@type\":\"BreadcrumbList\",\"@id\":\"https:\/\/tecnoairesistemas.com\/repuestos-de-gas-cocina-refrigeracion-costa-rica\/catalogo\/impeller-de-6-aspas-de-atornillar-hobart-costa-rica\/#breadcrumb\",\"itemListElement\":[{\"@type\":\"ListItem\",\"position\":1,\"name\":\"Portada\",\"item\":\"https:\/\/tecnoairesistemas.com\/repuestos-de-gas-cocina-refrigeracion-costa-rica\/\"},{\"@type\":\"ListItem\",\"position\":2,\"name\":\"Cat\u00e1logo de Equipos y Repuestos\",\"item\":\"https:\/\/tecnoairesistemas.com\/repuestos-de-gas-cocina-refrigeracion-costa-rica\/catalogo-de-equipos-y-repuestos\/\"},{\"@type\":\"ListItem\",\"position\":3,\"name\":\"Impeller de 6 Aspas De Atornillar Hobart\"}]},{\"@type\":\"WebSite\",\"@id\":\"https:\/\/tecnoairesistemas.com\/repuestos-de-gas-cocina-refrigeracion-costa-rica\/#website\",\"url\":\"https:\/\/tecnoairesistemas.com\/repuestos-de-gas-cocina-refrigeracion-costa-rica\/\",\"name\":\"Repuestos de Gas - Cocina - Refrigeraci\u00f3n - Lavander\u00eda Costa Rica\",\"description\":\"Repuestos de Gas - Cocina - Refrigeraci\u00f3n - Lavander\u00eda Costa Rica\",\"publisher\":{\"@id\":\"https:\/\/tecnoairesistemas.com\/repuestos-de-gas-cocina-refrigeracion-costa-rica\/#organization\"},\"potentialAction\":[{\"@type\":\"SearchAction\",\"target\":{\"@type\":\"EntryPoint\",\"urlTemplate\":\"https:\/\/tecnoairesistemas.com\/repuestos-de-gas-cocina-refrigeracion-costa-rica\/?s={search_term_string}\"},\"query-input\":{\"@type\":\"PropertyValueSpecification\",\"valueRequired\":true,\"valueName\":\"search_term_string\"}}],\"inLanguage\":\"es\"},{\"@type\":\"Organization\",\"@id\":\"https:\/\/tecnoairesistemas.com\/repuestos-de-gas-cocina-refrigeracion-costa-rica\/#organization\",\"name\":\"Repuestos de Gas - Cocina - Refrigeraci\u00f3n - Lavander\u00eda Costa Rica\",\"url\":\"https:\/\/tecnoairesistemas.com\/repuestos-de-gas-cocina-refrigeracion-costa-rica\/\",\"logo\":{\"@type\":\"ImageObject\",\"inLanguage\":\"es\",\"@id\":\"https:\/\/tecnoairesistemas.com\/repuestos-de-gas-cocina-refrigeracion-costa-rica\/#\/schema\/logo\/image\/\",\"url\":\"https:\/\/tecnoairesistemas.com\/repuestos-de-gas-cocina-refrigeracion-costa-rica\/wp-content\/uploads\/2021\/11\/logo-sin-fondo.png\",\"contentUrl\":\"https:\/\/tecnoairesistemas.com\/repuestos-de-gas-cocina-refrigeracion-costa-rica\/wp-content\/uploads\/2021\/11\/logo-sin-fondo.png\",\"width\":960,\"height\":960,\"caption\":\"Repuestos de Gas - Cocina - Refrigeraci\u00f3n - Lavander\u00eda Costa Rica\"},\"image\":{\"@id\":\"https:\/\/tecnoairesistemas.com\/repuestos-de-gas-cocina-refrigeracion-costa-rica\/#\/schema\/logo\/image\/\"}}]}<\/script>\n<!-- \/ Yoast SEO plugin. -->","yoast_head_json":{"title":"Impeller de 6 Aspas De Atornillar Hobart - Repuestos de Gas - Cocina - Refrigeraci\u00f3n - Lavander\u00eda Costa Rica","description":"Impeller de 6 Aspas para Hobart \u2013 OEM 3039 \/ 00-893039-00002\u00a0Mant\u00e9n el rendimiento \u00f3ptimo de tu equipo Hobart con el Impeller original de 6 aspas atornillable OEM 3039. Este componente es esencial para garantizar un flujo correcto en sistemas de bombeo o mezclado, asegurando eficiencia, consistencia y durabilidad en el funcionamiento de tu m\u00e1quina.","robots":{"index":"index","follow":"follow","max-snippet":"max-snippet:-1","max-image-preview":"max-image-preview:large","max-video-preview":"max-video-preview:-1"},"canonical":"https:\/\/tecnoairesistemas.com\/repuestos-de-gas-cocina-refrigeracion-costa-rica\/catalogo\/impeller-de-6-aspas-de-atornillar-hobart-costa-rica\/","og_locale":"es_ES","og_type":"article","og_title":"Impeller de 6 Aspas De Atornillar Hobart - Repuestos de Gas - Cocina - Refrigeraci\u00f3n - Lavander\u00eda Costa Rica","og_description":"Impeller de 6 Aspas para Hobart \u2013 OEM 3039 \/ 00-893039-00002\u00a0Mant\u00e9n el rendimiento \u00f3ptimo de tu equipo Hobart con el Impeller original de 6 aspas atornillable OEM 3039. Este componente es esencial para garantizar un flujo correcto en sistemas de bombeo o mezclado, asegurando eficiencia, consistencia y durabilidad en el funcionamiento de tu m\u00e1quina.","og_url":"https:\/\/tecnoairesistemas.com\/repuestos-de-gas-cocina-refrigeracion-costa-rica\/catalogo\/impeller-de-6-aspas-de-atornillar-hobart-costa-rica\/","og_site_name":"Repuestos de Gas - Cocina - Refrigeraci\u00f3n - Lavander\u00eda Costa Rica","article_modified_time":"2025-11-20T03:44:48+00:00","og_image":[{"width":386,"height":386,"url":"https:\/\/tecnoairesistemas.com\/repuestos-de-gas-cocina-refrigeracion-costa-rica\/wp-content\/uploads\/2025\/11\/21878958__17828.jpg","type":"image\/jpeg"}],"twitter_card":"summary_large_image","twitter_misc":{"Tiempo de lectura":"1 minuto"},"schema":{"@context":"https:\/\/schema.org","@graph":[{"@type":"WebPage","@id":"https:\/\/tecnoairesistemas.com\/repuestos-de-gas-cocina-refrigeracion-costa-rica\/catalogo\/impeller-de-6-aspas-de-atornillar-hobart-costa-rica\/","url":"https:\/\/tecnoairesistemas.com\/repuestos-de-gas-cocina-refrigeracion-costa-rica\/catalogo\/impeller-de-6-aspas-de-atornillar-hobart-costa-rica\/","name":"Impeller de 6 Aspas De Atornillar Hobart - Repuestos de Gas - Cocina - Refrigeraci\u00f3n - Lavander\u00eda Costa Rica","isPartOf":{"@id":"https:\/\/tecnoairesistemas.com\/repuestos-de-gas-cocina-refrigeracion-costa-rica\/#website"},"primaryImageOfPage":{"@id":"https:\/\/tecnoairesistemas.com\/repuestos-de-gas-cocina-refrigeracion-costa-rica\/catalogo\/impeller-de-6-aspas-de-atornillar-hobart-costa-rica\/#primaryimage"},"image":{"@id":"https:\/\/tecnoairesistemas.com\/repuestos-de-gas-cocina-refrigeracion-costa-rica\/catalogo\/impeller-de-6-aspas-de-atornillar-hobart-costa-rica\/#primaryimage"},"thumbnailUrl":"https:\/\/tecnoairesistemas.com\/repuestos-de-gas-cocina-refrigeracion-costa-rica\/wp-content\/uploads\/2025\/11\/21878958__17828.jpg","datePublished":"2025-11-20T03:39:16+00:00","dateModified":"2025-11-20T03:44:48+00:00","description":"Impeller de 6 Aspas para Hobart \u2013 OEM 3039 \/ 00-893039-00002\u00a0Mant\u00e9n el rendimiento \u00f3ptimo de tu equipo Hobart con el Impeller original de 6 aspas atornillable OEM 3039. Este componente es esencial para garantizar un flujo correcto en sistemas de bombeo o mezclado, asegurando eficiencia, consistencia y durabilidad en el funcionamiento de tu m\u00e1quina.","breadcrumb":{"@id":"https:\/\/tecnoairesistemas.com\/repuestos-de-gas-cocina-refrigeracion-costa-rica\/catalogo\/impeller-de-6-aspas-de-atornillar-hobart-costa-rica\/#breadcrumb"},"inLanguage":"es","potentialAction":[{"@type":"ReadAction","target":["https:\/\/tecnoairesistemas.com\/repuestos-de-gas-cocina-refrigeracion-costa-rica\/catalogo\/impeller-de-6-aspas-de-atornillar-hobart-costa-rica\/"]}]},{"@type":"ImageObject","inLanguage":"es","@id":"https:\/\/tecnoairesistemas.com\/repuestos-de-gas-cocina-refrigeracion-costa-rica\/catalogo\/impeller-de-6-aspas-de-atornillar-hobart-costa-rica\/#primaryimage","url":"https:\/\/tecnoairesistemas.com\/repuestos-de-gas-cocina-refrigeracion-costa-rica\/wp-content\/uploads\/2025\/11\/21878958__17828.jpg","contentUrl":"https:\/\/tecnoairesistemas.com\/repuestos-de-gas-cocina-refrigeracion-costa-rica\/wp-content\/uploads\/2025\/11\/21878958__17828.jpg","width":386,"height":386},{"@type":"BreadcrumbList","@id":"https:\/\/tecnoairesistemas.com\/repuestos-de-gas-cocina-refrigeracion-costa-rica\/catalogo\/impeller-de-6-aspas-de-atornillar-hobart-costa-rica\/#breadcrumb","itemListElement":[{"@type":"ListItem","position":1,"name":"Portada","item":"https:\/\/tecnoairesistemas.com\/repuestos-de-gas-cocina-refrigeracion-costa-rica\/"},{"@type":"ListItem","position":2,"name":"Cat\u00e1logo de Equipos y Repuestos","item":"https:\/\/tecnoairesistemas.com\/repuestos-de-gas-cocina-refrigeracion-costa-rica\/catalogo-de-equipos-y-repuestos\/"},{"@type":"ListItem","position":3,"name":"Impeller de 6 Aspas De Atornillar Hobart"}]},{"@type":"WebSite","@id":"https:\/\/tecnoairesistemas.com\/repuestos-de-gas-cocina-refrigeracion-costa-rica\/#website","url":"https:\/\/tecnoairesistemas.com\/repuestos-de-gas-cocina-refrigeracion-costa-rica\/","name":"Repuestos de Gas - Cocina - Refrigeraci\u00f3n - Lavander\u00eda Costa Rica","description":"Repuestos de Gas - Cocina - Refrigeraci\u00f3n - Lavander\u00eda Costa Rica","publisher":{"@id":"https:\/\/tecnoairesistemas.com\/repuestos-de-gas-cocina-refrigeracion-costa-rica\/#organization"},"potentialAction":[{"@type":"SearchAction","target":{"@type":"EntryPoint","urlTemplate":"https:\/\/tecnoairesistemas.com\/repuestos-de-gas-cocina-refrigeracion-costa-rica\/?s={search_term_string}"},"query-input":{"@type":"PropertyValueSpecification","valueRequired":true,"valueName":"search_term_string"}}],"inLanguage":"es"},{"@type":"Organization","@id":"https:\/\/tecnoairesistemas.com\/repuestos-de-gas-cocina-refrigeracion-costa-rica\/#organization","name":"Repuestos de Gas - Cocina - Refrigeraci\u00f3n - Lavander\u00eda Costa Rica","url":"https:\/\/tecnoairesistemas.com\/repuestos-de-gas-cocina-refrigeracion-costa-rica\/","logo":{"@type":"ImageObject","inLanguage":"es","@id":"https:\/\/tecnoairesistemas.com\/repuestos-de-gas-cocina-refrigeracion-costa-rica\/#\/schema\/logo\/image\/","url":"https:\/\/tecnoairesistemas.com\/repuestos-de-gas-cocina-refrigeracion-costa-rica\/wp-content\/uploads\/2021\/11\/logo-sin-fondo.png","contentUrl":"https:\/\/tecnoairesistemas.com\/repuestos-de-gas-cocina-refrigeracion-costa-rica\/wp-content\/uploads\/2021\/11\/logo-sin-fondo.png","width":960,"height":960,"caption":"Repuestos de Gas - Cocina - Refrigeraci\u00f3n - Lavander\u00eda Costa Rica"},"image":{"@id":"https:\/\/tecnoairesistemas.com\/repuestos-de-gas-cocina-refrigeracion-costa-rica\/#\/schema\/logo\/image\/"}}]}},"jetpack_sharing_enabled":true,"_links":{"self":[{"href":"https:\/\/tecnoairesistemas.com\/repuestos-de-gas-cocina-refrigeracion-costa-rica\/wp-json\/wp\/v2\/product\/4703","targetHints":{"allow":["GET"]}}],"collection":[{"href":"https:\/\/tecnoairesistemas.com\/repuestos-de-gas-cocina-refrigeracion-costa-rica\/wp-json\/wp\/v2\/product"}],"about":[{"href":"https:\/\/tecnoairesistemas.com\/repuestos-de-gas-cocina-refrigeracion-costa-rica\/wp-json\/wp\/v2\/types\/product"}],"replies":[{"embeddable":true,"href":"https:\/\/tecnoairesistemas.com\/repuestos-de-gas-cocina-refrigeracion-costa-rica\/wp-json\/wp\/v2\/comments?post=4703"}],"wp:featuredmedia":[{"embeddable":true,"href":"https:\/\/tecnoairesistemas.com\/repuestos-de-gas-cocina-refrigeracion-costa-rica\/wp-json\/wp\/v2\/media\/4704"}],"wp:attachment":[{"href":"https:\/\/tecnoairesistemas.com\/repuestos-de-gas-cocina-refrigeracion-costa-rica\/wp-json\/wp\/v2\/media?parent=4703"}],"wp:term":[{"taxonomy":"product_cat","embeddable":true,"href":"https:\/\/tecnoairesistemas.com\/repuestos-de-gas-cocina-refrigeracion-costa-rica\/wp-json\/wp\/v2\/product_cat?post=4703"},{"taxonomy":"product_tag","embeddable":true,"href":"https:\/\/tecnoairesistemas.com\/repuestos-de-gas-cocina-refrigeracion-costa-rica\/wp-json\/wp\/v2\/product_tag?post=4703"}],"curies":[{"name":"wp","href":"https:\/\/api.w.org\/{rel}","templated":true}]}}